{"id":1247,"date":"2016-04-10T12:35:25","date_gmt":"2016-04-10T12:35:25","guid":{"rendered":"http:\/\/cfa.cabrio-freunde-augsburg.de\/?page_id=1247"},"modified":"2016-07-13T18:34:06","modified_gmt":"2016-07-13T18:34:06","slug":"aktivitaeten-2016-allgemein","status":"publish","type":"page","link":"https:\/\/cfa.cabrio-freunde-augsburg.de\/?page_id=1247","title":{"rendered":"Aktivit\u00e4ten 2016 Allgemein"},"content":{"rendered":"<p>Aktivit\u00e4ten 2016 Allgemein<\/p>\n<p>Hier sind unsere Aktivit\u00e4ten f\u00fcr das Jahr 2016 zusammengestellt. Viel Spass beim Betrachten der Bilder. Wer gerne Fotos aus den Alben haben m\u00f6chte soll sich bitte bei Manfred oder mir melden, denn die Bilder gibt es auch in gro\u00dfer Aufl\u00f6sung und nicht nur die f\u00fcr die Homepage und das Internet reduzierte Qualit\u00e4t.<\/p>\n<p>Die unteren Links findet ihr \u00fcbrigens auch im Men\u00fc oben.<\/p>\n<p><a href=\"http:\/\/cfa.cabrio-freunde-augsburg.de\/?page_id=1251\">Opening Tour 2016 &#8211; T\u00fcbingen<\/a><\/p>\n<p><a href=\"http:\/\/cfa.cabrio-freunde-augsburg.de\/?page_id=1594\">Weinreise ins Priorat<\/a><\/p>\n<p><a href=\"http:\/\/cfa.cabrio-freunde-augsburg.de\/?page_id=1679\">Oberammergau Schlemmertour<\/a><\/p>\n","protected":false},"excerpt":{"rendered":"<p>Aktivit\u00e4ten 2016 Allgemein Hier sind unsere Aktivit\u00e4ten f\u00fcr das Jahr 2016 zusammengestellt. Viel Spass beim Betrachten der Bilder. Wer gerne Fotos aus den Alben haben m\u00f6chte soll sich bitte bei Manfred oder mir melden, denn die Bilder gibt es auch &hellip; <a href=\"https:\/\/cfa.cabrio-freunde-augsburg.de\/?page_id=1247\">Weiterlesen <span class=\"meta-nav\">&rarr;<\/span><\/a><\/p>\n","protected":false},"author":1,"featured_media":0,"parent":0,"menu_order":0,"comment_status":"closed","ping_status":"closed","template":"","meta":{"footnotes":""},"class_list":["post-1247","page","type-page","status-publish","hentry"],"_links":{"self":[{"href":"https:\/\/cfa.cabrio-freunde-augsburg.de\/index.php?rest_route=\/wp\/v2\/pages\/1247","targetHints":{"allow":["GET"]}}],"collection":[{"href":"https:\/\/cfa.cabrio-freunde-augsburg.de\/index.php?rest_route=\/wp\/v2\/pages"}],"about":[{"href":"https:\/\/cfa.cabrio-freunde-augsburg.de\/index.php?rest_route=\/wp\/v2\/types\/page"}],"author":[{"embeddable":true,"href":"https:\/\/cfa.cabrio-freunde-augsburg.de\/index.php?rest_route=\/wp\/v2\/users\/1"}],"replies":[{"embeddable":true,"href":"https:\/\/cfa.cabrio-freunde-augsburg.de\/index.php?rest_route=%2Fwp%2Fv2%2Fcomments&post=1247"}],"version-history":[{"count":6,"href":"https:\/\/cfa.cabrio-freunde-augsburg.de\/index.php?rest_route=\/wp\/v2\/pages\/1247\/revisions"}],"predecessor-version":[{"id":1683,"href":"https:\/\/cfa.cabrio-freunde-augsburg.de\/index.php?rest_route=\/wp\/v2\/pages\/1247\/revisions\/1683"}],"wp:attachment":[{"href":"https:\/\/cfa.cabrio-freunde-augsburg.de\/index.php?rest_route=%2Fwp%2Fv2%2Fmedia&parent=1247"}],"curies":[{"name":"wp","href":"https:\/\/api.w.org\/{rel}","templated":true}]}}