{"id":1679,"date":"2016-07-10T19:47:22","date_gmt":"2016-07-10T19:47:22","guid":{"rendered":"http:\/\/cfa.cabrio-freunde-augsburg.de\/?page_id=1679"},"modified":"2016-07-16T10:24:19","modified_gmt":"2016-07-16T10:24:19","slug":"2016-oberammergau","status":"publish","type":"page","link":"https:\/\/cfa.cabrio-freunde-augsburg.de\/?page_id=1679","title":{"rendered":"Oberammergau &#8211; Eine Schlemmertour"},"content":{"rendered":"<p>Diesmal gilt der Dank f\u00fcr diesen au\u00dferordentlich kalorienreichen Tagesausflug Susanne und Niels. Auch ein herzliches Dankesch\u00f6n an das Wetter, was uns einen wundervoll sonnigen Tag pr\u00e4sentierte, optimales Cabriowetter.<\/p>\n<p>Als Treffpunkt zur unchristlichen Zeit von 8:55 Uhr diente der bew\u00e4hrte Parkplatz in Landsberg. Da Hans in Italien weilt kam Susi mit einem Cabriogast namens Katrin zum Treffpunkt. Hier gab es erst mal Butterbrezen und Kaffee.<\/p>\n<p>Von dort aus fuhren wir in Richtung S\u00fcden \u00fcber Unterdie\u00dfen und Denkling zum ersten Zwischenstopp mit Kaffee und Kuchen zum Kaffeeladen \u201eBl\u00fctenreich\u201c. Der Garten war tats\u00e4chlich bl\u00fctenreich, im Inneren gab es eine Ausstellung mit Kunst und Krempel oder zu Neudeutsch Accessoires. Der Kuchen war allerdings aller erste Sahne, frisch gebacken und noch lauwarm, so wie es jeder am liebsten mag.<\/p>\n<p>Wieder im Auto angelangt fuhren weiter \u00fcber Lechbruck nach Steingaden, weiter nach Bayersoien um schlie\u00dflich in Oberammergau wieder einen Stopp einzulegen. Dies ist \u00fcbrigens ein kleiner Teil der Deutschen Alpenstrasse. Diesmal ging es mit dem Sessellift hinauf zur Kolbenalm und wie k\u00f6nnte es anders sein gab es erst mal Mittagessen. Mit gef\u00fcllten M\u00e4gen ging es 400 H\u00f6henmeter bergab in einer Sommerrodelbahn zur\u00fcck zu den Autos. Kaum 2 Kilometer sp\u00e4ter galt es in Oberammergau Zentrum erst mal wieder einen Parkplatz zu suchen, denn es erwartete uns eine Stadtf\u00fchrung. Dort lernten wir einiges \u00fcber das Holzschnitzen und die L\u00fcftelmalerei wie beispielsweise am Pilatushaus. Auch \u00fcber den Handel zwischen Venedig und Augsburg und der Rolle Oberammergaus als Zwischenstation konnten wir uns informieren. Schlie\u00dflich konnten wir uns noch das Passionsspielhaus anschauen und erhielten auch hier Hintergrundwissen \u00fcber die Entwicklung der alle 10 Jahre statt findenden Passionsspiele. Zum Abschluss gab es dann noch eine Runde Eis zur St\u00e4rkung.<\/p>\n<p>Kurz hinter Oberammergau bogen wir rechts ab zum Plansee. Dort f\u00fchrte uns die Strasse direkt am See entlang nach Reutte um in das Tannheimer Tal zu gelangen. Wieder gab es einen Zwischenstopp am Haldensee um sich die F\u00fc\u00dfe zu vertreten und einen Kuchen, gebacken und gestiftet von Heike zu verspeisen.<\/p>\n<p>So gelangten wir letztlich nach Oberjoch wo wir kurz vor Bad Hindelang durch eine Vollsperrung der Strasse erst mal am Abendessen gehindert wurden. So beschlossen wir einfach umzudrehen und nochmals eine wirklich sch\u00f6ne Strecke als Umleitung zu fahren um dann in Bad Hindelang im Biergarten der M\u00fchle ein au\u00dferordentlich k\u00f6stliches Abendmahl zu uns zu nehmen. <\/p>\n<p>Gegen 22:00 Uhr l\u00f6ste sich schlie\u00dflich die Runde auf und jeder trat auf eigene Faust den Heimweg an.<\/p>\n<p>Viel Spass auch beim Betrachten der Bilder<\/p>\n<p>Roland und Kirsten<\/p>\n<p>[nggallery id=13]<\/p>\n","protected":false},"excerpt":{"rendered":"<p>Diesmal gilt der Dank f\u00fcr diesen au\u00dferordentlich kalorienreichen Tagesausflug Susanne und Niels. Auch ein herzliches Dankesch\u00f6n an das Wetter, was uns einen wundervoll sonnigen Tag pr\u00e4sentierte, optimales Cabriowetter. Als Treffpunkt zur unchristlichen Zeit von 8:55 Uhr diente der bew\u00e4hrte Parkplatz &hellip; <a href=\"https:\/\/cfa.cabrio-freunde-augsburg.de\/?page_id=1679\">Weiterlesen <span class=\"meta-nav\">&rarr;<\/span><\/a><\/p>\n","protected":false},"author":1,"featured_media":0,"parent":0,"menu_order":0,"comment_status":"open","ping_status":"closed","template":"","meta":{"footnotes":""},"class_list":["post-1679","page","type-page","status-publish","hentry"],"_links":{"self":[{"href":"https:\/\/cfa.cabrio-freunde-augsburg.de\/index.php?rest_route=\/wp\/v2\/pages\/1679","targetHints":{"allow":["GET"]}}],"collection":[{"href":"https:\/\/cfa.cabrio-freunde-augsburg.de\/index.php?rest_route=\/wp\/v2\/pages"}],"about":[{"href":"https:\/\/cfa.cabrio-freunde-augsburg.de\/index.php?rest_route=\/wp\/v2\/types\/page"}],"author":[{"embeddable":true,"href":"https:\/\/cfa.cabrio-freunde-augsburg.de\/index.php?rest_route=\/wp\/v2\/users\/1"}],"replies":[{"embeddable":true,"href":"https:\/\/cfa.cabrio-freunde-augsburg.de\/index.php?rest_route=%2Fwp%2Fv2%2Fcomments&post=1679"}],"version-history":[{"count":4,"href":"https:\/\/cfa.cabrio-freunde-augsburg.de\/index.php?rest_route=\/wp\/v2\/pages\/1679\/revisions"}],"predecessor-version":[{"id":1685,"href":"https:\/\/cfa.cabrio-freunde-augsburg.de\/index.php?rest_route=\/wp\/v2\/pages\/1679\/revisions\/1685"}],"wp:attachment":[{"href":"https:\/\/cfa.cabrio-freunde-augsburg.de\/index.php?rest_route=%2Fwp%2Fv2%2Fmedia&parent=1679"}],"curies":[{"name":"wp","href":"https:\/\/api.w.org\/{rel}","templated":true}]}}