{"id":1749,"date":"2017-04-30T18:24:40","date_gmt":"2017-04-30T18:24:40","guid":{"rendered":"http:\/\/cfa.cabrio-freunde-augsburg.de\/?page_id=1749"},"modified":"2017-05-01T15:16:43","modified_gmt":"2017-05-01T15:16:43","slug":"opening-tour-2017-staffelsee","status":"publish","type":"page","link":"https:\/\/cfa.cabrio-freunde-augsburg.de\/?page_id=1749","title":{"rendered":"Opening Tour 2017 &#8211; Staffelsee"},"content":{"rendered":"<p>Vielen Dank erst einmal an Sybille und Manfred f\u00fcr die Organisation unserer diesj\u00e4hrigen Opening Tour 2017 zum Staffelsee. Danken m\u00fcssen wir aber auch Niels, der unerm\u00fcdlich den Wetterbericht konsultierte und uns dazu veranlasste bereits einen Tag fr\u00fcher die Tour durchzuf\u00fchren. Wenn ich im Moment aus dem Fenster schaue, dann gab es wohl keine bessere Entscheidung.<\/p>\n<p>Leider konnten Heike und Jochen nicht mitfahren und auch Uli und Michi meldeten sich kurzfristig krank. So waren wir nur 4 Autos, aber das machte trotzdem riesig Spa\u00df.<\/p>\n<p>Treffen war wie schon \u00f6fter bei mir in K\u00f6nigsbrunn. Anschlie\u00dfend f\u00fchren wir \u00fcber Oberottmarshausen und Untermeitigen in Richtung S\u00fcden. Immer stets parallel zur B17 auf kleinen verwinkelten Wegen bis Lechbruck. Dort \u00fcberquerten wir den Lech und fuhren nach Steingaden. Von dort ging es in Richtung Wieskirche zum Staffelsee nach Seehausen. <\/p>\n<p>Im Gasthaus zum Stern gab es erst mal ein ausgiebiges Mittagessen im Biergarten. Anschlie\u00dfend konnten wir uns noch ein wenig die Beine vertreten bis wir um 14:00 vom Rundfahrtschiff abgeholt wurden. Eine Runde um den gesamten Staffelsee bei strahlendem Sonnenschein lie\u00df die Regen- und Schneeschauer  der letzten Tage vergessen.<\/p>\n<p>Wieder in Seehausen angekommen fuhren wir wieder auf kleinen Stra\u00dfen zu den Osterseen und von dort aus nach Seeshaupt am Starnberger See. Schon zu Mittag hatten wir beschlossen, dass wir dann in Die\u00dfen einen kurzen Zwischenstopp im Schacky-Park einlegen wollten f\u00fcr einen kleinen Spaziergang in idyllischer Umgebung. Infolge eines dranghaften Bed\u00fcrfnisses fuhren wir noch kurz zur Schatzbergalm, konnten aber dem Kuchen im Biergarten nicht widerstehen.<\/p>\n<p>Wegen der fortgeschrittenen Zeit lotste uns Manfred anschlie\u00dfend \u00fcber Moorenweis wieder zur\u00fcck zum Ausgangsort K\u00f6nigsbrunn.<\/p>\n<p>Was f\u00fcr ein wunderbarer, harmonischer Tag. Insbesondere wenn man sich den Regen und Schnee der letzten Tage ins Ged\u00e4chtnis zur\u00fcck ruft und wenn man nur einen Tag sp\u00e4ter aus dem Fenster schaut. <\/p>\n<p>Auf jeden Fall bis bald auf Grand-Alpes Kurven und dass uns das Wetter und die P\u00e4sse ebenso hold sind wie auf unserer Opening Tour.<\/p>\n<p>[ngg_images source=&#8220;galleries&#8220; container_ids=&#8220;14&#8243; display_type=&#8220;photocrati-nextgen_basic_thumbnails&#8220; override_thumbnail_settings=&#8220;0&#8243; thumbnail_width=&#8220;120&#8243; thumbnail_height=&#8220;90&#8243; thumbnail_crop=&#8220;1&#8243; images_per_page=&#8220;20&#8243; number_of_columns=&#8220;0&#8243; ajax_pagination=&#8220;0&#8243; show_all_in_lightbox=&#8220;0&#8243; use_imagebrowser_effect=&#8220;0&#8243; show_slideshow_link=&#8220;1&#8243; slideshow_link_text=&#8220;&#91;Show slideshow&#93;&#8220; order_by=&#8220;sortorder&#8220; order_direction=&#8220;ASC&#8220; returns=&#8220;included&#8220; maximum_entity_count=&#8220;500&#8243;]<\/p>\n","protected":false},"excerpt":{"rendered":"<p>Vielen Dank erst einmal an Sybille und Manfred f\u00fcr die Organisation unserer diesj\u00e4hrigen Opening Tour 2017 zum Staffelsee. Danken m\u00fcssen wir aber auch Niels, der unerm\u00fcdlich den Wetterbericht konsultierte und uns dazu veranlasste bereits einen Tag fr\u00fcher die Tour durchzuf\u00fchren. &hellip; <a href=\"https:\/\/cfa.cabrio-freunde-augsburg.de\/?page_id=1749\">Weiterlesen <span class=\"meta-nav\">&rarr;<\/span><\/a><\/p>\n","protected":false},"author":1,"featured_media":0,"parent":0,"menu_order":0,"comment_status":"closed","ping_status":"closed","template":"","meta":{"footnotes":""},"class_list":["post-1749","page","type-page","status-publish","hentry"],"_links":{"self":[{"href":"https:\/\/cfa.cabrio-freunde-augsburg.de\/index.php?rest_route=\/wp\/v2\/pages\/1749","targetHints":{"allow":["GET"]}}],"collection":[{"href":"https:\/\/cfa.cabrio-freunde-augsburg.de\/index.php?rest_route=\/wp\/v2\/pages"}],"about":[{"href":"https:\/\/cfa.cabrio-freunde-augsburg.de\/index.php?rest_route=\/wp\/v2\/types\/page"}],"author":[{"embeddable":true,"href":"https:\/\/cfa.cabrio-freunde-augsburg.de\/index.php?rest_route=\/wp\/v2\/users\/1"}],"replies":[{"embeddable":true,"href":"https:\/\/cfa.cabrio-freunde-augsburg.de\/index.php?rest_route=%2Fwp%2Fv2%2Fcomments&post=1749"}],"version-history":[{"count":2,"href":"https:\/\/cfa.cabrio-freunde-augsburg.de\/index.php?rest_route=\/wp\/v2\/pages\/1749\/revisions"}],"predecessor-version":[{"id":1761,"href":"https:\/\/cfa.cabrio-freunde-augsburg.de\/index.php?rest_route=\/wp\/v2\/pages\/1749\/revisions\/1761"}],"wp:attachment":[{"href":"https:\/\/cfa.cabrio-freunde-augsburg.de\/index.php?rest_route=%2Fwp%2Fv2%2Fmedia&parent=1749"}],"curies":[{"name":"wp","href":"https:\/\/api.w.org\/{rel}","templated":true}]}}