{"id":190,"date":"2014-06-01T15:26:37","date_gmt":"2014-06-01T15:26:37","guid":{"rendered":"http:\/\/cfa.cabrio-freunde-augsburg.de\/?page_id=190"},"modified":"2014-07-02T17:29:20","modified_gmt":"2014-07-02T17:29:20","slug":"fahren-im-konvoi","status":"publish","type":"page","link":"https:\/\/cfa.cabrio-freunde-augsburg.de\/?page_id=190","title":{"rendered":"Fahren im Konvoi"},"content":{"rendered":"<p>Oberstes Motto bei uns ist:<\/p>\n<p style=\"text-align: center;\"><strong><em> \u201eReisen statt Rasen\u201c<\/em><\/strong><\/p>\n<p>Die meisten sind ja schon mal in einer gr\u00f6\u00dferen Gruppe gefahren und haben dabei die unterschiedlichsten Erfahrungen gemacht. Konvoi fahren erfordert ein gewisses Ma\u00df an Konzentration und Disziplin, was auch schnell erm\u00fcdend wirken kann. Es gelten aber auch f\u00fcr alle Teilnehmer eines Konvois die Regeln der Stra\u00dfenverkehrsordnung, egal, ob im In- oder im Ausland. Um mit dem Konvoi m\u00f6glichst reibungslos voran zu kommen, m\u00f6chten wir ein paar Regeln aufstellen, die jeder beachten sollte.<br \/>\nKonvoi F\u00fchrer:<br \/>\nDer Konvoi F\u00fchrer bestimmt:<\/p>\n<ul>\n<li>die Route<\/li>\n<li>die Stopps<\/li>\n<li>die Geschwindigkeit<\/li>\n<\/ul>\n<p>Er sollte sich vor Fahrtantritt \u00fcber Besonderheiten der Route vertraut gemacht haben, insbesondere \u00fcber M\u00f6gliche Stopp- und Anhalte M\u00f6glichkeiten.<br \/>\nKonvoi Teilnehmer:<br \/>\nDie Konvoi-Teilnehmer fahren so, dass<\/p>\n<ul>\n<li>sie zum Vordermann einen gleichm\u00e4\u00dfigen Abstand halten<\/li>\n<li>sie stets ihren Hintermann im R\u00fcckspiegel sehen k\u00f6nnen. Sollte ihr Hintermann aus dem Blickfeld geraten sein, muss sp\u00e4testens beim Verlassen der Hauptfahrrichtung angehalten werden sofern nicht klar ersichtlich ist, wo es lang geht.<\/li>\n<li>ihr Hintermann auch den entsprechenden Abstand halten kann<\/li>\n<li>sie ihre Position im Konvoi halten (\u00fcberholen ist verboten)<\/li>\n<li>unerfahrene und langsamere Fahrzeuge im vorderen Teil des Konvois fahren<\/li>\n<li>sie den Konvoi nur verlassen, wenn sie dies vorher mit dem Konvoi-F\u00fchrer abge-sprochen haben.<\/li>\n<li>sie durch Blinken auch ihrem Hintermann signalisieren, dass an der n\u00e4chsten Kreuzung beispielsweise abgebogen wird.<\/li>\n<\/ul>\n<p>Schluss Fahrzeug:<br \/>\nDas Schlussfahrzeug f\u00e4hrt so, dass:<\/p>\n<ul>\n<li>es den Konvoi zusammen h\u00e4lt<\/li>\n<li>keiner zur\u00fcck bleibt<\/li>\n<li>bei einer Panne eines Teilnehmers zur\u00fcck bleibt und den Konvoi-F\u00fchrer infor-miert.<\/li>\n<li>es auch ohne Konvoi-F\u00fchrer die Route findet.<\/li>\n<\/ul>\n<p>Sollte man den Vordermann nicht mehr sehen &#8211; keine Panik. Er wartet an der &#8222;n\u00e4chsten Ecke&#8220;. Solang gilt: Immer der Hauptverkehrsrichtung folgen.<\/p>\n<p>Ganz automatisch f\u00e4hrt man im Konvoi hinten schneller als vorne. Schon bei 20 Fahr-zeugen kann das \u00fcber 20 km\/h ausmachen. Da wir uns alle an die Regeln der Stra\u00dfen-verkehrsordnung zu halten haben, gilt f\u00fcr den Konvoi-F\u00fchrer stets mit angemessener Geschwindigkeit zu fahren. Ungef\u00e4hre Richtwerte sind:<\/p>\n<ul>\n<li>innerhalb geschlossener Ortschaften ca. 40 km\/h<\/li>\n<li>au\u00dferhalb geschlossener Ortschaften ca. 80 km\/h<\/li>\n<li>auf Autobahnen ca. 120 km\/h<\/li>\n<\/ul>\n<p>Es kommt oft durch diverse Verkehrssituationen zu einem sogenannten Ziehharmonika-Effekt. Dies trifft vor allem auf Strecken zu, auf denen oft angehalten und angefahren werden muss, viele Abbiegungen und Ampeln vorhanden sind. Solche Ereignisse ziehen den Konvoi auseinander und die Fahrer m\u00fcssen kr\u00e4ftig aufs Gas treten, um wieder An-schluss zu halten. Wird gerade bei Ampeln der Konvoi auseinander gerissen, so wird vom vorausfahrenden Teil die Geschwindigkeit zun\u00e4chst drastisch reduziert und falls m\u00f6glich, wird an der n\u00e4chsten geeigneten Stelle auf den nachfolgenden Rest gewartet.<\/p>\n<p>Beim CFA wird daf\u00fcr gesorgt dass der Konvoi-F\u00fchrer und das Schlussfahrzeug mit Wal-kie-Talkies oder mit Handys ausger\u00fcstet sind und damit jederzeit auch kommunizieren und sich absprechen k\u00f6nnen.<\/p>\n<p>Jeder Teilnehmer an einer Ausfahrt sollte daf\u00fcr sorgen, dass sein Tank soweit gef\u00fcllt ist, dass er bis zum n\u00e4chsten geplanten Tankstopp kommt. Es empfiehlt sich daher stets vor Fahrtantritt sein Fahrzeug vollst\u00e4ndig aufzutanken. Der Konvoi-F\u00fchrer bestimmt ab da die Tankstopps. Er hat sich allerdings dar\u00fcber zu informieren, welche Reichweite die einzelnen Fahrzeuge haben und er muss sich nach dem Fahrzeug mit der geringsten Reichweite orientieren.<\/p>\n<p>Der Konvoi-F\u00fchrer ist auch \u00fcber notwendige Stopps verantwortlich, die der k\u00f6rperlichen Erleichterung dienen. Nach M\u00f6glichkeit sollten ihm im Vorfeld schon Rastpl\u00e4tze bekannt sein, welche mit dem Konvoi angefahren werden k\u00f6nnen und es dort gen\u00fcgend Parkraum gibt, ohne den restlichen Verkehr zu st\u00f6ren oder zu gef\u00e4hrden. Sollte jemand au\u00dfertourlich das Bed\u00fcrfnis haben einem solchen nachzukommen, so ist der Konvoi-F\u00fchrer dar\u00fcber zu informieren (Walkie-Talkie oder Handy), dass entweder die n\u00e4chste Park- und Haltem\u00f6glichkeit genutzt wird, oder dass das betreffende Fahrzeug aus dem Konvoi ausschert und es eigenverantwortlich wieder zum Konvoi zur\u00fcck findet.<br \/>\nKonvoi fahren kann, wie die letzten Touren best\u00e4tigt haben, durchaus Spa\u00df machen, wenn man sich an diese Regeln h\u00e4lt. Dabei kann man gut die Landschaft und die Fahrt genie\u00dfen, denn der Weg ist das Ziel.<\/p>\n<p>Der Tourguide gibt vor Fahrtantritt aus, mit welcher Spende bei Nichtbeachtung dieser Regeln unser Club-Spar-Schwein gef\u00fcttert werden muss.<\/p>\n<p>Hier gibt es unseren Konvoi-Knigge zum Download: <a href=\"http:\/\/cfa.cabrio-freunde-augsburg.de\/wp-content\/uploads\/2014\/06\/Fahren-im-Konvoi-Kurzfassung.pdf\">Fahren im Konvoi Kurzfassung<\/a><\/p>\n<p>Cabriofreunde Augsburg<\/p>\n","protected":false},"excerpt":{"rendered":"<p>Oberstes Motto bei uns ist: \u201eReisen statt Rasen\u201c Die meisten sind ja schon mal in einer gr\u00f6\u00dferen Gruppe gefahren und haben dabei die unterschiedlichsten Erfahrungen gemacht. Konvoi fahren erfordert ein gewisses Ma\u00df an Konzentration und Disziplin, was auch schnell erm\u00fcdend &hellip; <a href=\"https:\/\/cfa.cabrio-freunde-augsburg.de\/?page_id=190\">Weiterlesen <span class=\"meta-nav\">&rarr;<\/span><\/a><\/p>\n","protected":false},"author":1,"featured_media":0,"parent":0,"menu_order":0,"comment_status":"closed","ping_status":"closed","template":"","meta":{"footnotes":""},"class_list":["post-190","page","type-page","status-publish","hentry"],"_links":{"self":[{"href":"https:\/\/cfa.cabrio-freunde-augsburg.de\/index.php?rest_route=\/wp\/v2\/pages\/190","targetHints":{"allow":["GET"]}}],"collection":[{"href":"https:\/\/cfa.cabrio-freunde-augsburg.de\/index.php?rest_route=\/wp\/v2\/pages"}],"about":[{"href":"https:\/\/cfa.cabrio-freunde-augsburg.de\/index.php?rest_route=\/wp\/v2\/types\/page"}],"author":[{"embeddable":true,"href":"https:\/\/cfa.cabrio-freunde-augsburg.de\/index.php?rest_route=\/wp\/v2\/users\/1"}],"replies":[{"embeddable":true,"href":"https:\/\/cfa.cabrio-freunde-augsburg.de\/index.php?rest_route=%2Fwp%2Fv2%2Fcomments&post=190"}],"version-history":[{"count":4,"href":"https:\/\/cfa.cabrio-freunde-augsburg.de\/index.php?rest_route=\/wp\/v2\/pages\/190\/revisions"}],"predecessor-version":[{"id":278,"href":"https:\/\/cfa.cabrio-freunde-augsburg.de\/index.php?rest_route=\/wp\/v2\/pages\/190\/revisions\/278"}],"wp:attachment":[{"href":"https:\/\/cfa.cabrio-freunde-augsburg.de\/index.php?rest_route=%2Fwp%2Fv2%2Fmedia&parent=190"}],"curies":[{"name":"wp","href":"https:\/\/api.w.org\/{rel}","templated":true}]}}