{"id":197,"date":"2014-06-09T04:48:49","date_gmt":"2014-06-09T04:48:49","guid":{"rendered":"http:\/\/cfa.cabrio-freunde-augsburg.de\/?page_id=197"},"modified":"2014-06-09T12:12:31","modified_gmt":"2014-06-09T12:12:31","slug":"eroeffnungstour-2014","status":"publish","type":"page","link":"https:\/\/cfa.cabrio-freunde-augsburg.de\/?page_id=197","title":{"rendered":"Er\u00f6ffnungstour 2014"},"content":{"rendered":"<p>Sybille und Manfred hatten f\u00fcr uns eine richtig tolle Tour zusammengestellt. Am Samstag um 10:00 Uhr ging es los. Diesmal nicht in Richtung S\u00fcden in die Alpen oder durch das Allg\u00e4u, sondern in Richtung Norden zum Altm\u00fchltal. Auf abgelegenen Str\u00e4sschen, vorbei am Pfingstreiseverkehr f\u00fchrte uns Manfred nach Abensberg. Gegen Mittag angekommen ging es erst mal in den Biergarten der Brauerei Kuchelbauer zu einer Erfrischung und St\u00e4rkung. Immerhin zeigte das Thermometer bis 32\u00b0 Grad an. Bei offenem Dach war diesmal Sonnencreme Pflicht.<\/p>\n<p>[nggallery id=3]<\/p>\n<p>Das Zwischenziel Abensberg hatte aber auch einen weiteren Grund. Denn dort wurde im Jahre 2009 der Kuchelbauerturm oder auch bekannt als Hundertwasserturm er\u00f6ffnet. Kombiniert mit einer Brauereif\u00fchrung und dem Kennenlernen der Wei\u00dfbierzwerge konnte wir den 35 m Turm erklimmen und von dort die Aussicht genie\u00dfen. Auch ist der Turm thematisiert zum Thema Wei\u00dfbier so dass man beim Erklimmen der H\u00f6henmeter noch einige Weisheiten zum Bierbrauen mitnehmen kann. Wem die Stufen zu viel wurden konnte mit dem Aufzug fahren.<\/p>\n<p>Danach ging es weiter nach Beilngries, wo auf uns das Hotel zur Gams wartete. Beilngries pr\u00e4sentierte sich uns als kleines, mittelalterliches St\u00e4dtchen mit buntem regen Treiben so dass man sich bei den abendlichen Temperaturen vorkam wie nach Italien versetzt. Ein paar Kugeln Eis rundete den ausklingenden Tag ab.<\/p>\n<p>Am zweiten Tag ging es dann durch das Altm\u00fchltal. Entlang der Altm\u00fchl wieder auf kleinen Nebenstra\u00dfen f\u00fchrte uns Manfred nach Eichst\u00e4dt und dann weiter in Richtung Wei\u00dfenburg.<\/p>\n<p>Die Tour endete dann am Abend bei einem spontanen gem\u00fctlichen Ausklang.<\/p>\n<p>Vielen Dank an Sybille und Manfred f\u00fcr die Ausarbeitung und F\u00fchrung der Tour.<\/p>\n<p>Roland<\/p>\n<p>Hier gibt es noch die GPX-Dateien zum Nachfahren:<\/p>\n<p><a href=\"http:\/\/cfa.cabrio-freunde-augsburg.de\/wp-content\/uploads\/2014\/06\/Abensberg-GPX.zip\">Abensberg GPX<\/a><\/p>\n","protected":false},"excerpt":{"rendered":"<p>Sybille und Manfred hatten f\u00fcr uns eine richtig tolle Tour zusammengestellt. Am Samstag um 10:00 Uhr ging es los. Diesmal nicht in Richtung S\u00fcden in die Alpen oder durch das Allg\u00e4u, sondern in Richtung Norden zum Altm\u00fchltal. Auf abgelegenen Str\u00e4sschen, &hellip; <a href=\"https:\/\/cfa.cabrio-freunde-augsburg.de\/?page_id=197\">Weiterlesen <span class=\"meta-nav\">&rarr;<\/span><\/a><\/p>\n","protected":false},"author":1,"featured_media":0,"parent":0,"menu_order":0,"comment_status":"open","ping_status":"open","template":"","meta":{"footnotes":""},"class_list":["post-197","page","type-page","status-publish","hentry"],"_links":{"self":[{"href":"https:\/\/cfa.cabrio-freunde-augsburg.de\/index.php?rest_route=\/wp\/v2\/pages\/197","targetHints":{"allow":["GET"]}}],"collection":[{"href":"https:\/\/cfa.cabrio-freunde-augsburg.de\/index.php?rest_route=\/wp\/v2\/pages"}],"about":[{"href":"https:\/\/cfa.cabrio-freunde-augsburg.de\/index.php?rest_route=\/wp\/v2\/types\/page"}],"author":[{"embeddable":true,"href":"https:\/\/cfa.cabrio-freunde-augsburg.de\/index.php?rest_route=\/wp\/v2\/users\/1"}],"replies":[{"embeddable":true,"href":"https:\/\/cfa.cabrio-freunde-augsburg.de\/index.php?rest_route=%2Fwp%2Fv2%2Fcomments&post=197"}],"version-history":[{"count":8,"href":"https:\/\/cfa.cabrio-freunde-augsburg.de\/index.php?rest_route=\/wp\/v2\/pages\/197\/revisions"}],"predecessor-version":[{"id":264,"href":"https:\/\/cfa.cabrio-freunde-augsburg.de\/index.php?rest_route=\/wp\/v2\/pages\/197\/revisions\/264"}],"wp:attachment":[{"href":"https:\/\/cfa.cabrio-freunde-augsburg.de\/index.php?rest_route=%2Fwp%2Fv2%2Fmedia&parent=197"}],"curies":[{"name":"wp","href":"https:\/\/api.w.org\/{rel}","templated":true}]}}