{"id":2532,"date":"2018-05-02T06:57:50","date_gmt":"2018-05-02T06:57:50","guid":{"rendered":"https:\/\/cfa.cabrio-freunde-augsburg.de\/?page_id=2532"},"modified":"2018-05-02T07:03:02","modified_gmt":"2018-05-02T07:03:02","slug":"datenschutz","status":"publish","type":"page","link":"https:\/\/cfa.cabrio-freunde-augsburg.de\/?page_id=2532","title":{"rendered":"Datenschutz"},"content":{"rendered":"<p>Wir, die&nbsp;Augsburger Cabrio-Freunde-Augsburg nehmen den Schutz Ihrer pers\u00f6nlichen Daten sehr ernst und halten uns strikt an die Regeln der Datenschutzgesetze. Personenbezogene Daten werden auf dieser Webseite nur im technisch notwendigen Umfang erhoben. In keinem Fall werden die erhobenen Daten verkauft oder aus anderen Gr\u00fcnden an Dritte weitergegeben.<br \/>\nDie nachfolgende Erkl\u00e4rung gibt Ihnen einen \u00dcberblick dar\u00fcber, wie wir diesen Schutz gew\u00e4hrleisten und welche Art von Daten zu welchem Zweck erhoben werden.<\/p>\n<p><strong>Nutzung und Weitergabe personenbezogener Daten<\/strong><\/p>\n<p>Soweit Sie uns personenbezogene Daten zur Verf\u00fcgung gestellt haben, verwenden wir diese ausschlie\u00dflich zur Erf\u00fcllung Ihrer W\u00fcnsche und Anforderungen, insbesondere zur Beantwortung Ihrer Anfrage. Eine Weitergabe, ein Verkauf oder sonstige \u00dcbermittlung Ihrer personenbezogenen Daten an Dritte erfolgt nicht, es sei denn, dass<\/p>\n<ul>\n<li>dies zum Zwecke Ihrer Anfrage erforderlich ist.<\/li>\n<li>Sie zuvor eingewilligt haben.<\/li>\n<\/ul>\n<p>Sie haben das Recht, eine solche Einwilligung mit Wirkung f\u00fcr die Zukunft jederzeit zu widerrufen.<\/p>\n<p><strong>Datenverarbeitung auf dieser Internetseite<\/strong><\/p>\n<p>Die&nbsp;&nbsp;Cabrio-Freunde-Augsburg erheben und speichern automatisch in ihren Server Log Files Informationen, die Ihr Browser an uns \u00fcbermittelt. Dies sind:<\/p>\n<ul>\n<li>Browsertyp\/ -version<\/li>\n<li>verwendetes Betriebssystem<\/li>\n<li>Referrer URL (die zuvor besuchte Seite)<\/li>\n<li>Hostname des zugreifenden Rechners (IP Adresse)<\/li>\n<li>Uhrzeit der Serveranfrage<\/li>\n<\/ul>\n<p>Diese Daten sind f\u00fcr die&nbsp;Cabrio-Freunde-Augsburg nicht bestimmten Personen zuordenbar. Eine Zusammenf\u00fchrung dieser Daten mit anderen Datenquellen wird nicht vorgenommen, die Daten werden zudem nach einer statistischen Auswertung beziehungsweise nach einer angemessenen Frist gel\u00f6scht.<\/p>\n<p><strong>Aktive Inhalte (z.B. Javascript, ActiveX, Flash)<\/strong><\/p>\n<p>Auf unseren Internet-Seiten k\u00f6nnen Java-Applets, Active-X-Controls und Java- Script verwendet werden die ausf\u00fchrende Elemente enthalten k\u00f6nnen. Diese Steuerelemente dienen ausschlie\u00dflich zur Erh\u00f6hung der Funktionalit\u00e4t und zur Erleichterung der Navigation auf unseren Webseiten. Falls Sie sich aus Sicherheitsgr\u00fcnden diese Hilfsprogramme bzw. aktiven Inhalte nicht nutzbar machen wollen, sollten Sie die entsprechende Einstellung Ihres Browsers deaktivieren. Wir sind bem\u00fcht, dass unsere Webseiten auch ohne diese Hilfsprogramme ohne nennenswerte Einschr\u00e4nkungen navigierbar bleiben, in bestimmten F\u00e4llen k\u00f6nnen wir jedoch keine Garantie daf\u00fcr \u00fcbernehmen.<\/p>\n<p>Die Seite nutzt nicht Google-Analytics.<\/p>\n<p><strong>Auskunftsrecht<\/strong><\/p>\n<p>Sie haben jederzeit das Recht auf Auskunft \u00fcber die bez\u00fcglich Ihrer Person gespeicherten Daten, deren Herkunft und Empf\u00e4nger sowie den Zweck der Speicherung. Auskunft \u00fcber die gespeicherten Daten gibt der Datenschutzbeauftragte der Firma&nbsp;Augsburger Cabrio-Freunde-Augsburg .<\/p>\n<p><strong>Weitere Informationen<\/strong><\/p>\n<p>Ihr Vertrauen ist uns wichtig. Daher m\u00f6chten wir Ihnen jederzeit Rede und Antwort bez\u00fcglich der Verarbeitung Ihrer personenbezogenen Daten stehen. Wenn Sie Fragen haben, die Ihnen diese Datenschutzerkl\u00e4rung nicht beantworten konnte oder wenn Sie zu einem Punkt vertiefte Informationen w\u00fcnschen, wenden Sie sich bitte jederzeit an den Datenschutzbeauftragten der Cabrio-Freunde-Augsburg.<\/p>\n<p><strong>Cookies<\/strong><\/p>\n<p>Die Internetseiten verwenden an mehreren Stellen so genannte Cookies. Sie dienen dazu, unser Angebot nutzerfreundlicher, effektiver und sicherer zu machen. Cookies sind kleine Textdateien, die auf Ihrem Rechner abgelegt werden und die Ihr Browser speichert. Die meisten der von uns verwendeten Cookies sind so genannte \u201eSession-Cookies\u201c. Sie werden nach Ende Ihres Besuchs automatisch gel\u00f6scht. Cookies richten auf Ihrem Rechner keinen Schaden an und enthalten keine Viren.<\/p>\n","protected":false},"excerpt":{"rendered":"<p>Wir, die&nbsp;Augsburger Cabrio-Freunde-Augsburg nehmen den Schutz Ihrer pers\u00f6nlichen Daten sehr ernst und halten uns strikt an die Regeln der Datenschutzgesetze. Personenbezogene Daten werden auf dieser Webseite nur im technisch notwendigen Umfang erhoben. In keinem Fall werden die erhobenen Daten verkauft &hellip; <a href=\"https:\/\/cfa.cabrio-freunde-augsburg.de\/?page_id=2532\">Weiterlesen <span class=\"meta-nav\">&rarr;<\/span><\/a><\/p>\n","protected":false},"author":1,"featured_media":0,"parent":0,"menu_order":0,"comment_status":"closed","ping_status":"closed","template":"","meta":{"footnotes":""},"class_list":["post-2532","page","type-page","status-publish","hentry"],"_links":{"self":[{"href":"https:\/\/cfa.cabrio-freunde-augsburg.de\/index.php?rest_route=\/wp\/v2\/pages\/2532","targetHints":{"allow":["GET"]}}],"collection":[{"href":"https:\/\/cfa.cabrio-freunde-augsburg.de\/index.php?rest_route=\/wp\/v2\/pages"}],"about":[{"href":"https:\/\/cfa.cabrio-freunde-augsburg.de\/index.php?rest_route=\/wp\/v2\/types\/page"}],"author":[{"embeddable":true,"href":"https:\/\/cfa.cabrio-freunde-augsburg.de\/index.php?rest_route=\/wp\/v2\/users\/1"}],"replies":[{"embeddable":true,"href":"https:\/\/cfa.cabrio-freunde-augsburg.de\/index.php?rest_route=%2Fwp%2Fv2%2Fcomments&post=2532"}],"version-history":[{"count":2,"href":"https:\/\/cfa.cabrio-freunde-augsburg.de\/index.php?rest_route=\/wp\/v2\/pages\/2532\/revisions"}],"predecessor-version":[{"id":2537,"href":"https:\/\/cfa.cabrio-freunde-augsburg.de\/index.php?rest_route=\/wp\/v2\/pages\/2532\/revisions\/2537"}],"wp:attachment":[{"href":"https:\/\/cfa.cabrio-freunde-augsburg.de\/index.php?rest_route=%2Fwp%2Fv2%2Fmedia&parent=2532"}],"curies":[{"name":"wp","href":"https:\/\/api.w.org\/{rel}","templated":true}]}}