{"id":2689,"date":"2018-05-06T18:48:12","date_gmt":"2018-05-06T18:48:12","guid":{"rendered":"https:\/\/cfa.cabrio-freunde-augsburg.de\/?page_id=2689"},"modified":"2019-04-28T14:26:24","modified_gmt":"2019-04-28T14:26:24","slug":"aktivitaeten-2018-allgemein","status":"publish","type":"page","link":"https:\/\/cfa.cabrio-freunde-augsburg.de\/?page_id=2689","title":{"rendered":"Aktivit\u00e4ten 2018 Allgemein"},"content":{"rendered":"<p>Aktivit\u00e4ten 2018 Allgemein<\/p>\n<p>Hier sind unsere Aktivit\u00e4ten f\u00fcr das Jahr 2018 zusammengestellt. Viel Spass beim Betrachten der Bilder. Wer gerne Fotos aus den Alben haben m\u00f6chte soll sich bitte bei Manfred oder mir melden, denn die Bilder gibt es auch in gro\u00dfer Aufl\u00f6sung und nicht nur die f\u00fcr die Homepage und das Internet reduzierte Qualit\u00e4t.<\/p>\n<p>Die unteren Links findet ihr \u00fcbrigens auch im Men\u00fc oben.<\/p>\n<p><a href=\"https:\/\/cfa.cabrio-freunde-augsburg.de\/?page_id=2685\">Opening Tour 2018 in die Hallertau<\/a><\/p>\n<p><a href=\"https:\/\/cfa.cabrio-freunde-augsburg.de\/?page_id=3009\">Schl\u00f6sser der Loire &#8211; Die etwas andere Cabriotour<\/a><\/p>\n<p><a href=\"https:\/\/cfa.cabrio-freunde-augsburg.de\/?page_id=3018\">Die S\u00fcdtirol Runde<\/a><\/p>\n<p><a href=\"https:\/\/cfa.cabrio-freunde-augsburg.de\/?page_id=3024\">Unsere Closingtour<\/a><\/p>\n","protected":false},"excerpt":{"rendered":"<p>Aktivit\u00e4ten 2018 Allgemein Hier sind unsere Aktivit\u00e4ten f\u00fcr das Jahr 2018 zusammengestellt. Viel Spass beim Betrachten der Bilder. Wer gerne Fotos aus den Alben haben m\u00f6chte soll sich bitte bei Manfred oder mir melden, denn die Bilder gibt es auch &hellip; <a href=\"https:\/\/cfa.cabrio-freunde-augsburg.de\/?page_id=2689\">Weiterlesen <span class=\"meta-nav\">&rarr;<\/span><\/a><\/p>\n","protected":false},"author":1,"featured_media":0,"parent":0,"menu_order":0,"comment_status":"closed","ping_status":"closed","template":"","meta":{"footnotes":""},"class_list":["post-2689","page","type-page","status-publish","hentry"],"_links":{"self":[{"href":"https:\/\/cfa.cabrio-freunde-augsburg.de\/index.php?rest_route=\/wp\/v2\/pages\/2689","targetHints":{"allow":["GET"]}}],"collection":[{"href":"https:\/\/cfa.cabrio-freunde-augsburg.de\/index.php?rest_route=\/wp\/v2\/pages"}],"about":[{"href":"https:\/\/cfa.cabrio-freunde-augsburg.de\/index.php?rest_route=\/wp\/v2\/types\/page"}],"author":[{"embeddable":true,"href":"https:\/\/cfa.cabrio-freunde-augsburg.de\/index.php?rest_route=\/wp\/v2\/users\/1"}],"replies":[{"embeddable":true,"href":"https:\/\/cfa.cabrio-freunde-augsburg.de\/index.php?rest_route=%2Fwp%2Fv2%2Fcomments&post=2689"}],"version-history":[{"count":4,"href":"https:\/\/cfa.cabrio-freunde-augsburg.de\/index.php?rest_route=\/wp\/v2\/pages\/2689\/revisions"}],"predecessor-version":[{"id":3040,"href":"https:\/\/cfa.cabrio-freunde-augsburg.de\/index.php?rest_route=\/wp\/v2\/pages\/2689\/revisions\/3040"}],"wp:attachment":[{"href":"https:\/\/cfa.cabrio-freunde-augsburg.de\/index.php?rest_route=%2Fwp%2Fv2%2Fmedia&parent=2689"}],"curies":[{"name":"wp","href":"https:\/\/api.w.org\/{rel}","templated":true}]}}