{"id":270,"date":"2014-06-30T18:30:46","date_gmt":"2014-06-30T18:30:46","guid":{"rendered":"http:\/\/cfa.cabrio-freunde-augsburg.de\/?page_id=270"},"modified":"2016-04-17T11:06:28","modified_gmt":"2016-04-17T11:06:28","slug":"treffpunkte-zu-ausfluegen","status":"publish","type":"page","link":"https:\/\/cfa.cabrio-freunde-augsburg.de\/?page_id=270","title":{"rendered":"Treffpunkte zu Ausfl\u00fcgen"},"content":{"rendered":"<p>Um bei jeder Rundmail zu vermeiden, dass wir die \u00fcblichen Treffpunkte immer und immer wieder beschreiben m\u00fcssen mit Anfahrtsskizze wollen vor an dieser Stelle die \u00fcblichen Verd\u00e4chtigen mal kurz beschreiben.<\/p>\n<p>1. Treffpunkt Bad W\u00f6rishofen<\/p>\n<p>Dieser Treffpunkt hat uns in letzter Zeit immer wieder als ideale Alternative gedient. Jeder von uns muss ein St\u00fcckchen fahren und das Allg\u00e4u und das Voralpenland liegt uns zu F\u00fc\u00dfen<\/p>\n<p>Adresse f\u00fcrs Navi: Hartenthaler Stra\u00dfe 29, 86825 Bad W\u00f6rishofen (und dann 300 m weiter fahren bis zum Parkplatz)<\/p>\n<p>Koordinaten f\u00fcrs Navi: Breite: 47\u00b059&#8217;50.6&#8243;N L\u00e4nge: 10\u00b034&#8217;49.8&#8243;E<\/p>\n<p>Hier nochmals als PDF zum Ausdrucken:\u00a0<a href=\"http:\/\/cfa.cabrio-freunde-augsburg.de\/wp-content\/uploads\/2014\/06\/Treffpunkt-Bad-W\u00f6rishofen.pdf\">Treffpunkt Bad W\u00f6rishofen<\/a><\/p>\n","protected":false},"excerpt":{"rendered":"<p>Um bei jeder Rundmail zu vermeiden, dass wir die \u00fcblichen Treffpunkte immer und immer wieder beschreiben m\u00fcssen mit Anfahrtsskizze wollen vor an dieser Stelle die \u00fcblichen Verd\u00e4chtigen mal kurz beschreiben. 1. Treffpunkt Bad W\u00f6rishofen Dieser Treffpunkt hat uns in letzter &hellip; <a href=\"https:\/\/cfa.cabrio-freunde-augsburg.de\/?page_id=270\">Weiterlesen <span class=\"meta-nav\">&rarr;<\/span><\/a><\/p>\n","protected":false},"author":1,"featured_media":0,"parent":0,"menu_order":0,"comment_status":"closed","ping_status":"closed","template":"","meta":{"footnotes":""},"class_list":["post-270","page","type-page","status-publish","hentry"],"_links":{"self":[{"href":"https:\/\/cfa.cabrio-freunde-augsburg.de\/index.php?rest_route=\/wp\/v2\/pages\/270","targetHints":{"allow":["GET"]}}],"collection":[{"href":"https:\/\/cfa.cabrio-freunde-augsburg.de\/index.php?rest_route=\/wp\/v2\/pages"}],"about":[{"href":"https:\/\/cfa.cabrio-freunde-augsburg.de\/index.php?rest_route=\/wp\/v2\/types\/page"}],"author":[{"embeddable":true,"href":"https:\/\/cfa.cabrio-freunde-augsburg.de\/index.php?rest_route=\/wp\/v2\/users\/1"}],"replies":[{"embeddable":true,"href":"https:\/\/cfa.cabrio-freunde-augsburg.de\/index.php?rest_route=%2Fwp%2Fv2%2Fcomments&post=270"}],"version-history":[{"count":3,"href":"https:\/\/cfa.cabrio-freunde-augsburg.de\/index.php?rest_route=\/wp\/v2\/pages\/270\/revisions"}],"predecessor-version":[{"id":1359,"href":"https:\/\/cfa.cabrio-freunde-augsburg.de\/index.php?rest_route=\/wp\/v2\/pages\/270\/revisions\/1359"}],"wp:attachment":[{"href":"https:\/\/cfa.cabrio-freunde-augsburg.de\/index.php?rest_route=%2Fwp%2Fv2%2Fmedia&parent=270"}],"curies":[{"name":"wp","href":"https:\/\/api.w.org\/{rel}","templated":true}]}}