{"id":297,"date":"2014-09-10T19:04:28","date_gmt":"2014-09-10T19:04:28","guid":{"rendered":"http:\/\/cfa.cabrio-freunde-augsburg.de\/?page_id=297"},"modified":"2014-09-11T05:28:00","modified_gmt":"2014-09-11T05:28:00","slug":"stammtisch-picknick-am-walchensee","status":"publish","type":"page","link":"https:\/\/cfa.cabrio-freunde-augsburg.de\/?page_id=297","title":{"rendered":"Stammtisch &#8211; Picknick am Walchensee"},"content":{"rendered":"<p>Was f\u00fcr ein Tag&#8230;&#8230;.<\/p>\n<p>Wie bestellt schien die Sonne bei angenehmen herbstlichen 22\u00b0. Mit dabei waren<\/p>\n<p>Susi und Hans<br \/>\nJochen (leider ohne Heike)<br \/>\nSybille und Manfred<br \/>\nKirsten und Roland<\/p>\n<p>sowie unseren G\u00e4sten, die hoffentlich nur vorl\u00e4ufig als G\u00e4ste dabei waren und zu baldigen Mitgliedern werden<\/p>\n<p>Susanne und Niels<br \/>\nRita und Thomas<br \/>\nUschi und Klaus<\/p>\n<p>Ein gro\u00dfer Dank von uns allen geht auch an Anika, die uns bei der Durchf\u00fchrung sehr geholfen hat.<\/p>\n<p>[nggallery id=4]<\/p>\n<p>Auf kleinen Nebenstrecken ging es zun\u00e4chst in Richtung Weilheim um dann \u00fcber Bad T\u00f6lz und Lenggries zum Walchensee zu gelangen. Dort erwartete uns Anika bereits mit unserem Picknick und wir konnten ein paar sch\u00f6ne Stunden bei Sonnenschein am Ufer des Sees geniessen. Am Nachmittag unterbrach dann ein kurzer Regenschauer unsere gem\u00fctliche Runde, aber wir waren ohnehin schon im Aufbruch zu unserer n\u00e4chsten Etappe.<\/p>\n<p>\u00dcber die Osterseen ging der Weg zur\u00fcck an den Starnberger See wo wir in Tutzing im Midgardhaus zum H\u00e4ring unseren eigentlichen Stammtisch abhielten.<\/p>\n","protected":false},"excerpt":{"rendered":"<p>Was f\u00fcr ein Tag&#8230;&#8230;. Wie bestellt schien die Sonne bei angenehmen herbstlichen 22\u00b0. Mit dabei waren Susi und Hans Jochen (leider ohne Heike) Sybille und Manfred Kirsten und Roland sowie unseren G\u00e4sten, die hoffentlich nur vorl\u00e4ufig als G\u00e4ste dabei waren &hellip; <a href=\"https:\/\/cfa.cabrio-freunde-augsburg.de\/?page_id=297\">Weiterlesen <span class=\"meta-nav\">&rarr;<\/span><\/a><\/p>\n","protected":false},"author":1,"featured_media":0,"parent":0,"menu_order":0,"comment_status":"open","ping_status":"open","template":"","meta":{"footnotes":""},"class_list":["post-297","page","type-page","status-publish","hentry"],"_links":{"self":[{"href":"https:\/\/cfa.cabrio-freunde-augsburg.de\/index.php?rest_route=\/wp\/v2\/pages\/297","targetHints":{"allow":["GET"]}}],"collection":[{"href":"https:\/\/cfa.cabrio-freunde-augsburg.de\/index.php?rest_route=\/wp\/v2\/pages"}],"about":[{"href":"https:\/\/cfa.cabrio-freunde-augsburg.de\/index.php?rest_route=\/wp\/v2\/types\/page"}],"author":[{"embeddable":true,"href":"https:\/\/cfa.cabrio-freunde-augsburg.de\/index.php?rest_route=\/wp\/v2\/users\/1"}],"replies":[{"embeddable":true,"href":"https:\/\/cfa.cabrio-freunde-augsburg.de\/index.php?rest_route=%2Fwp%2Fv2%2Fcomments&post=297"}],"version-history":[{"count":5,"href":"https:\/\/cfa.cabrio-freunde-augsburg.de\/index.php?rest_route=\/wp\/v2\/pages\/297\/revisions"}],"predecessor-version":[{"id":335,"href":"https:\/\/cfa.cabrio-freunde-augsburg.de\/index.php?rest_route=\/wp\/v2\/pages\/297\/revisions\/335"}],"wp:attachment":[{"href":"https:\/\/cfa.cabrio-freunde-augsburg.de\/index.php?rest_route=%2Fwp%2Fv2%2Fmedia&parent=297"}],"curies":[{"name":"wp","href":"https:\/\/api.w.org\/{rel}","templated":true}]}}