{"id":3024,"date":"2018-11-20T10:49:25","date_gmt":"2018-11-20T10:49:25","guid":{"rendered":"https:\/\/cfa.cabrio-freunde-augsburg.de\/?page_id=3024"},"modified":"2018-11-20T10:50:37","modified_gmt":"2018-11-20T10:50:37","slug":"closing-tour-2018","status":"publish","type":"page","link":"https:\/\/cfa.cabrio-freunde-augsburg.de\/?page_id=3024","title":{"rendered":"Closing Tour 2018"},"content":{"rendered":"<p>Zun\u00e4chst ein gro\u00dfes Dankesch\u00f6n an Roland und Kirsten f\u00fcr die tolle Organisation der diesj\u00e4hrigen Closing Tour.<br \/>\nFreitag um 09:00 Uhr starteten wir p\u00fcnktlich in K\u00f6nigsbrunn. Die Tour f\u00fchrte uns bei spitzen Wetter nach Saalbach-Hinterklemm.<br \/>\nEs w\u00e4re keine CFA Tour, wenn das nicht \u00fcber viele Kurven erarbeitet w\u00fcrde.<br \/>\nW\u00e4hrend der drei Tage genossen wir die Zillertaler H\u00f6henstra\u00dfe. Dabei konnten wir mit regionalen Leckereien bei Live-Musik die Pausen und die B\u00e4uche f\u00fcllen.<br \/>\nDer Gerlosspass f\u00fchrte uns unserem Ziel entgegen. Die Krimmer Wasserf\u00e4lle wurden mit einem Blick nach rechts entdeckt. Schwieriger war da schon der kurze Blick auf die<br \/>\nH\u00f6hen des Gro\u00dfvenedigers. Da muss man allerdings schon genau wissen, wo die L\u00fccke ist. Das war schonmal ein guter Start in das Wochenende.<br \/>\nAbends im Hotel packten wir alte und neue Geschichten aus, sprachen \u00fcber 2019 und streiften eine Menge wichtiger Dinge.<br \/>\nAm Samstag ging es hoch hinaus. Immer wieder ein Hightlight: Der Gro\u00dfglockner.<br \/>\nWir schraubten uns die Kurven nach oben. Bestaunten oder besser bedauerten die Reste des Gletschers. Auf der Edelwei\u00dfspitze deckten sich die Insider mit Murmeltiersalbe ein. Das S\u00e4lbchen hilft gegen vieles&#8230;<br \/>\nDer R\u00fcckweg zum Hotel f\u00fchrte durch die Tauernschleuse. Allerdings sahen wir den Zug gerade abfahren. Also knapp eine Stunde warten. Susi und ich kehrten um und nahmen den Gro\u00dfglockner zu sp\u00e4ter Nachmittagstunde ein weiters mal. Die Stra\u00dfe hatten wir fast f\u00fcr uns alleine. Beeindruckende Wolken mit gewaltigem Wind verwandelten den vormal sonnig ruhigen Berg in ein bewegtes Naturschauspiel.<br \/>\nDer Rest der Truppe genoss die kurze Zugfahrt und kam fr\u00fcher im Hotel an. Vor dem Essen noch einen Spritz&#8230;Den konnten wir nur via Whats App verfolgen.<br \/>\nAbend waren wir wieder komplett und glichen den Kalorienhaushalt aus.<br \/>\nUm 06.30 am Sonntag weckte uns in mehreren Intervallen die Kirchenglocken.<br \/>\nSo fr\u00fch sollte es eigentlich nicht losgehen. Wir trafen uns um 09:00 Uhr zum Fr\u00fchst\u00fcck wie vereinbart. Zwischen den Bimmelattacken konnte man schlie\u00dflich noch jeweils ein halbes St\u00fcndchen wegd\u00e4mmern.<br \/>\nDer Heimweg wurde geschlossen angetreten, da es bereits nachts begann zu regenen.<br \/>\nNaja &#8211; auch geschlossen fahren sich die Autos gut. Dabei fuhren wir teilweise auf der deutschen Alpenstra\u00dfe. Die beiden ersten Tage lie\u00dfen ohne Pause die Sonne in die Autos.<br \/>\nEs war wieder eine abwechslungsreiche Tour. Genau wie es die Cabriofreunde lieben.<\/p>\n<p>Vielen Dank an alle f\u00fcr die sch\u00f6nen Stunden.<\/p>\n<p>Susanne und Niels<\/p>\n","protected":false},"excerpt":{"rendered":"<p>Zun\u00e4chst ein gro\u00dfes Dankesch\u00f6n an Roland und Kirsten f\u00fcr die tolle Organisation der diesj\u00e4hrigen Closing Tour. Freitag um 09:00 Uhr starteten wir p\u00fcnktlich in K\u00f6nigsbrunn. Die Tour f\u00fchrte uns bei spitzen Wetter nach Saalbach-Hinterklemm. Es w\u00e4re keine CFA Tour, wenn &hellip; <a href=\"https:\/\/cfa.cabrio-freunde-augsburg.de\/?page_id=3024\">Weiterlesen <span class=\"meta-nav\">&rarr;<\/span><\/a><\/p>\n","protected":false},"author":7,"featured_media":0,"parent":0,"menu_order":0,"comment_status":"closed","ping_status":"closed","template":"","meta":{"footnotes":""},"class_list":["post-3024","page","type-page","status-publish","hentry"],"_links":{"self":[{"href":"https:\/\/cfa.cabrio-freunde-augsburg.de\/index.php?rest_route=\/wp\/v2\/pages\/3024","targetHints":{"allow":["GET"]}}],"collection":[{"href":"https:\/\/cfa.cabrio-freunde-augsburg.de\/index.php?rest_route=\/wp\/v2\/pages"}],"about":[{"href":"https:\/\/cfa.cabrio-freunde-augsburg.de\/index.php?rest_route=\/wp\/v2\/types\/page"}],"author":[{"embeddable":true,"href":"https:\/\/cfa.cabrio-freunde-augsburg.de\/index.php?rest_route=\/wp\/v2\/users\/7"}],"replies":[{"embeddable":true,"href":"https:\/\/cfa.cabrio-freunde-augsburg.de\/index.php?rest_route=%2Fwp%2Fv2%2Fcomments&post=3024"}],"version-history":[{"count":1,"href":"https:\/\/cfa.cabrio-freunde-augsburg.de\/index.php?rest_route=\/wp\/v2\/pages\/3024\/revisions"}],"predecessor-version":[{"id":3026,"href":"https:\/\/cfa.cabrio-freunde-augsburg.de\/index.php?rest_route=\/wp\/v2\/pages\/3024\/revisions\/3026"}],"wp:attachment":[{"href":"https:\/\/cfa.cabrio-freunde-augsburg.de\/index.php?rest_route=%2Fwp%2Fv2%2Fmedia&parent=3024"}],"curies":[{"name":"wp","href":"https:\/\/api.w.org\/{rel}","templated":true}]}}