{"id":3036,"date":"2019-04-28T14:20:10","date_gmt":"2019-04-28T14:20:10","guid":{"rendered":"https:\/\/cfa.cabrio-freunde-augsburg.de\/?page_id=3036"},"modified":"2019-10-26T11:01:45","modified_gmt":"2019-10-26T11:01:45","slug":"aktivitaeten-2019","status":"publish","type":"page","link":"https:\/\/cfa.cabrio-freunde-augsburg.de\/?page_id=3036","title":{"rendered":"Aktivit\u00e4ten 2019 Allgemein"},"content":{"rendered":"\n<p>Die Saison hat wieder begonnen und hier k\u00f6nnt Ihr durch unsere Erlebnisse in 2019 st\u00f6bern. Hier sind unsere Aktivit\u00e4ten f\u00fcr das Jahr 2018 zusammengestellt. Viel Spass beim Betrachten der Bilder. Wer gerne Fotos aus den Alben haben m\u00f6chte soll sich bitte bei Manfred oder mir melden, denn die Bilder gibt es auch in gro\u00dfer Aufl\u00f6sung und nicht nur die f\u00fcr die Homepage und das Internet reduzierte Qualit\u00e4t.<\/p>\n\n\n\n<p>Die unteren Links findet ihr \u00fcbrigens auch im Men\u00fc oben.<\/p>\n\n\n\n<p>Viel Spass dabei<\/p>\n\n\n\n<p><a href=\"https:\/\/cfa.cabrio-freunde-augsburg.de\/?page_id=3033\">Openigtour 2019 &#8211; Wer traut sich<\/a><\/p>\n\n\n\n<p><a href=\"https:\/\/cfa.cabrio-freunde-augsburg.de\/?p=3061\">Bamberg &#8211; Ein Tagesausflug<\/a><\/p>\n\n\n\n<p><a href=\"https:\/\/cfa.cabrio-freunde-augsburg.de\/?page_id=3065\">Toskana 2019 &#8211; die Postkartenidylle lebt<\/a><\/p>\n\n\n\n<p><a href=\"https:\/\/cfa.cabrio-freunde-augsburg.de\/?page_id=3188\">Closingtour 2019 &#8211; Ein Kilometer geht noch<\/a><\/p>\n","protected":false},"excerpt":{"rendered":"<p>Die Saison hat wieder begonnen und hier k\u00f6nnt Ihr durch unsere Erlebnisse in 2019 st\u00f6bern. Hier sind unsere Aktivit\u00e4ten f\u00fcr das Jahr 2018 zusammengestellt. Viel Spass beim Betrachten der Bilder. Wer gerne Fotos aus den Alben haben m\u00f6chte soll sich &hellip; <a href=\"https:\/\/cfa.cabrio-freunde-augsburg.de\/?page_id=3036\">Weiterlesen <span class=\"meta-nav\">&rarr;<\/span><\/a><\/p>\n","protected":false},"author":1,"featured_media":0,"parent":0,"menu_order":0,"comment_status":"closed","ping_status":"closed","template":"","meta":{"footnotes":""},"class_list":["post-3036","page","type-page","status-publish","hentry"],"_links":{"self":[{"href":"https:\/\/cfa.cabrio-freunde-augsburg.de\/index.php?rest_route=\/wp\/v2\/pages\/3036","targetHints":{"allow":["GET"]}}],"collection":[{"href":"https:\/\/cfa.cabrio-freunde-augsburg.de\/index.php?rest_route=\/wp\/v2\/pages"}],"about":[{"href":"https:\/\/cfa.cabrio-freunde-augsburg.de\/index.php?rest_route=\/wp\/v2\/types\/page"}],"author":[{"embeddable":true,"href":"https:\/\/cfa.cabrio-freunde-augsburg.de\/index.php?rest_route=\/wp\/v2\/users\/1"}],"replies":[{"embeddable":true,"href":"https:\/\/cfa.cabrio-freunde-augsburg.de\/index.php?rest_route=%2Fwp%2Fv2%2Fcomments&post=3036"}],"version-history":[{"count":6,"href":"https:\/\/cfa.cabrio-freunde-augsburg.de\/index.php?rest_route=\/wp\/v2\/pages\/3036\/revisions"}],"predecessor-version":[{"id":3196,"href":"https:\/\/cfa.cabrio-freunde-augsburg.de\/index.php?rest_route=\/wp\/v2\/pages\/3036\/revisions\/3196"}],"wp:attachment":[{"href":"https:\/\/cfa.cabrio-freunde-augsburg.de\/index.php?rest_route=%2Fwp%2Fv2%2Fmedia&parent=3036"}],"curies":[{"name":"wp","href":"https:\/\/api.w.org\/{rel}","templated":true}]}}