{"id":3188,"date":"2019-10-26T10:52:37","date_gmt":"2019-10-26T10:52:37","guid":{"rendered":"https:\/\/cfa.cabrio-freunde-augsburg.de\/?page_id=3188"},"modified":"2019-10-26T11:00:25","modified_gmt":"2019-10-26T11:00:25","slug":"closing-tour-2019-ein-kilometer-geht-noch","status":"publish","type":"page","link":"https:\/\/cfa.cabrio-freunde-augsburg.de\/?page_id=3188","title":{"rendered":"Closing Tour 2019 &#8211; Ein Kilometer geht noch"},"content":{"rendered":"\n<p>Die Teilnehmer der Closingtour in 2019 waren dann doch recht \u00fcbersichtlich. Susanne und Niels sowie Kirsten und Roland bildeten den Zweier-Konvoi. Bereits ziemlich fr\u00fch am Morgen ging es auf in Richtung Meran. Kurz hinter Schongau kamen aber schon die ersten Verkehrsmeldungen zum Wochenend-Verkehr rein und so hie\u00df es runter von den Bundesstrassen und ab ins Hinterland in Richtung Reutte. Schon wieder war der Fernpass eingestaut, so entschlossen wir uns gleich mal den ersten Pass mit zu nehmen und \u00fcber das Hahntennjoch nach Imst zu fahren. Von dort ging es ab zur Piller H\u00f6he mit ihrer Aussichtsplattform \u00fcber das Tal.<\/p>\n\n\n\n<p>Um nicht mehr Zeit zu verlieren blieben wir anschlie\u00dfend auf der Hauptstrasse \u00fcber den Reschenpass um uns zum Anstieg des Stilfser Joches bereit zu machen. Unz\u00e4hlige Kurven leiteten uns auf den zweith\u00f6chsten Pass Europas auf 2760 m. Obligatorisch ist auf den Stilfser Joch eine Bratwurst mit Sauerkraut im Vinschgerl.<\/p>\n\n\n\n<p>Also fuhren wir weiter nach Bormio um eigentlich \u00fcber den Gavia Pass nach Meran zu kommen. Nur war der Gavia leider gesperrt und mussten wir zwangsl\u00e4ufig den gro\u00dfen Umweg \u00fcber Sondrio in Kauf nehmen um nicht die gleiche Strecke wieder zur\u00fcck fahren zu m\u00fcssen. So kamen wir schlie\u00dflich gegen 20:30 in Meran und letztendlich in unserem Hotel in Dorf Tirol an.<\/p>\n\n\n\n<p>Das Abendessen gestaltete sich anfangs schwierig, denn das Hotel bot keines an. Wir gingen also zu Fu\u00df nach Meran und suchten ein Restaurant, in dem in sp\u00e4ter Stunde die K\u00fcche noch ge\u00f6ffnet hatte. F\u00fcndig wurden wir in einer Pizzeria und genossen unsere Pizzen. Der Fu\u00dfweg hat nach der langen Fahrt gut getan um wenigstens ein bisschen Bewegung in die K\u00f6rper zu bringen.<\/p>\n\n\n\n<p>Am n\u00e4chsten Tag war ein Spaziergang durch die Innenstadt von Meran angesagt. Wie immer endet so etwas in den einschl\u00e4gigen Spezialit\u00e4tengesch\u00e4ften bei S\u00fcdtiroler Speck und K\u00e4se. So machten wir uns gegen Mittag auf den Heimweg \u00fcber das Timmelsjoch und ab Imst \u00fcber den Fernpass. In Reutte ereilte uns schon wieder der Wochenendverkehr, dem wir elegant \u00fcber die kleinen Nebenstrassen auswichen. Dies gab uns die M\u00f6glichkeit gerade noch vor Ladenschluss in Weizern in die bekannte K\u00e4serei einzufallen und deren Best\u00e4nde zu dezimieren.<\/p>\n\n\n\n<p>Die letzten Kilometer waren dann wieder vom Wochenendverkehr gepr\u00e4gt. So erreichten&nbsp; wir dann endlich unser Zuhause.<\/p>\n\n\n\n<p>Liebe Susanne, lieber Niels, sch\u00f6n war\u2019s, anstrengend war\u2019s, lang war die Hinfahrt. Es hat aber viel Spass gemacht, das Wetter hat mitgespielt so dass wir tats\u00e4chlich die ganze Strecke offen fahren konnten.<\/p>\n\n\n\n<p>Wir freuen uns schon auf die Saison 2020. Leider gehen die Cabrios jetzt \u00fcber Winter in den Schlafmodus \u00fcber. Aber nach der Saison ist vor der Saison.<\/p>\n\n\n\n<p>Viele Gr\u00fc\u00dfe<\/p>\n\n\n\n<p>Kirsten und Roland<\/p>\n\n\n\n[ngg src=&#8220;galleries&#8220; ids=&#8220;21&#8243; display=&#8220;basic_thumbnail&#8220; thumbnail_crop=&#8220;0&#8243;]\n","protected":false},"excerpt":{"rendered":"<p>Die Teilnehmer der Closingtour in 2019 waren dann doch recht \u00fcbersichtlich. Susanne und Niels sowie Kirsten und Roland bildeten den Zweier-Konvoi. Bereits ziemlich fr\u00fch am Morgen ging es auf in Richtung Meran. Kurz hinter Schongau kamen aber schon die ersten &hellip; <a href=\"https:\/\/cfa.cabrio-freunde-augsburg.de\/?page_id=3188\">Weiterlesen <span class=\"meta-nav\">&rarr;<\/span><\/a><\/p>\n","protected":false},"author":1,"featured_media":3195,"parent":0,"menu_order":0,"comment_status":"closed","ping_status":"closed","template":"","meta":{"footnotes":""},"class_list":["post-3188","page","type-page","status-publish","has-post-thumbnail","hentry"],"_links":{"self":[{"href":"https:\/\/cfa.cabrio-freunde-augsburg.de\/index.php?rest_route=\/wp\/v2\/pages\/3188","targetHints":{"allow":["GET"]}}],"collection":[{"href":"https:\/\/cfa.cabrio-freunde-augsburg.de\/index.php?rest_route=\/wp\/v2\/pages"}],"about":[{"href":"https:\/\/cfa.cabrio-freunde-augsburg.de\/index.php?rest_route=\/wp\/v2\/types\/page"}],"author":[{"embeddable":true,"href":"https:\/\/cfa.cabrio-freunde-augsburg.de\/index.php?rest_route=\/wp\/v2\/users\/1"}],"replies":[{"embeddable":true,"href":"https:\/\/cfa.cabrio-freunde-augsburg.de\/index.php?rest_route=%2Fwp%2Fv2%2Fcomments&post=3188"}],"version-history":[{"count":2,"href":"https:\/\/cfa.cabrio-freunde-augsburg.de\/index.php?rest_route=\/wp\/v2\/pages\/3188\/revisions"}],"predecessor-version":[{"id":3193,"href":"https:\/\/cfa.cabrio-freunde-augsburg.de\/index.php?rest_route=\/wp\/v2\/pages\/3188\/revisions\/3193"}],"wp:featuredmedia":[{"embeddable":true,"href":"https:\/\/cfa.cabrio-freunde-augsburg.de\/index.php?rest_route=\/wp\/v2\/media\/3195"}],"wp:attachment":[{"href":"https:\/\/cfa.cabrio-freunde-augsburg.de\/index.php?rest_route=%2Fwp%2Fv2%2Fmedia&parent=3188"}],"curies":[{"name":"wp","href":"https:\/\/api.w.org\/{rel}","templated":true}]}}