{"id":37,"date":"2014-04-27T11:24:13","date_gmt":"2014-04-27T11:24:13","guid":{"rendered":"http:\/\/cfa.cabrio-freunde-augsburg.de\/?page_id=37"},"modified":"2014-10-06T06:03:23","modified_gmt":"2014-10-06T06:03:23","slug":"aktivitaeten-2014","status":"publish","type":"page","link":"https:\/\/cfa.cabrio-freunde-augsburg.de\/?page_id=37","title":{"rendered":"Aktivit\u00e4ten 2014 Mitglieder"},"content":{"rendered":"<p>Hier findet ihr die Fotogallerien unserer Aktivit\u00e4ten nur f\u00fcr registrierte Benutzer<\/p>\n<p>[album id=2 template=extend]<\/p>\n","protected":false},"excerpt":{"rendered":"<p>Hier findet ihr die Fotogallerien unserer Aktivit\u00e4ten nur f\u00fcr registrierte Benutzer [album id=2 template=extend]<\/p>\n","protected":false},"author":1,"featured_media":0,"parent":0,"menu_order":0,"comment_status":"open","ping_status":"open","template":"","meta":{"footnotes":""},"class_list":["post-37","page","type-page","status-publish","hentry"],"_links":{"self":[{"href":"https:\/\/cfa.cabrio-freunde-augsburg.de\/index.php?rest_route=\/wp\/v2\/pages\/37","targetHints":{"allow":["GET"]}}],"collection":[{"href":"https:\/\/cfa.cabrio-freunde-augsburg.de\/index.php?rest_route=\/wp\/v2\/pages"}],"about":[{"href":"https:\/\/cfa.cabrio-freunde-augsburg.de\/index.php?rest_route=\/wp\/v2\/types\/page"}],"author":[{"embeddable":true,"href":"https:\/\/cfa.cabrio-freunde-augsburg.de\/index.php?rest_route=\/wp\/v2\/users\/1"}],"replies":[{"embeddable":true,"href":"https:\/\/cfa.cabrio-freunde-augsburg.de\/index.php?rest_route=%2Fwp%2Fv2%2Fcomments&post=37"}],"version-history":[{"count":3,"href":"https:\/\/cfa.cabrio-freunde-augsburg.de\/index.php?rest_route=\/wp\/v2\/pages\/37\/revisions"}],"predecessor-version":[{"id":87,"href":"https:\/\/cfa.cabrio-freunde-augsburg.de\/index.php?rest_route=\/wp\/v2\/pages\/37\/revisions\/87"}],"wp:attachment":[{"href":"https:\/\/cfa.cabrio-freunde-augsburg.de\/index.php?rest_route=%2Fwp%2Fv2%2Fmedia&parent=37"}],"curies":[{"name":"wp","href":"https:\/\/api.w.org\/{rel}","templated":true}]}}