{"id":55,"date":"2014-04-27T12:11:24","date_gmt":"2014-04-27T12:11:24","guid":{"rendered":"http:\/\/cfa.cabrio-freunde-augsburg.de\/?page_id=55"},"modified":"2014-05-27T19:07:51","modified_gmt":"2014-05-27T19:07:51","slug":"wer-wir-sind","status":"publish","type":"page","link":"https:\/\/cfa.cabrio-freunde-augsburg.de\/?page_id=55","title":{"rendered":"Wer wir sind"},"content":{"rendered":"<p>Wir sind ein bunt zusammen gew\u00fcrfelte Gruppe an netten Menschen, die es lieben gemeinsam die Gegend zu erkunden und dabei die Sonne geniessen, die direkt durch unsere ge\u00f6ffneten D\u00e4cher des Cabrios scheint. Die Ausfl\u00fcge und Aktivit\u00e4ten werden durch uns selbst organisiert und jedes Clubmitglied kann daran kostenlos teilnehmen. Dabei ist es vollkommen egal ob es sich um ein &#8222;kleines&#8220; Cabrio handelt oder um eine Luxusausf\u00fchrung. Jeder ist willkommen egal welcher Nationalit\u00e4t, Gesinnung oder dergleichen.<\/p>\n<p><a href=\"http:\/\/cfa.cabrio-freunde-augsburg.de\/wp-content\/uploads\/2014\/04\/D305899.jpg\"><img loading=\"lazy\" decoding=\"async\" class=\"alignnone size-large wp-image-173\" alt=\"_D305899\" src=\"http:\/\/cfa.cabrio-freunde-augsburg.de\/wp-content\/uploads\/2014\/04\/D305899-1024x682.jpg\" width=\"640\" height=\"426\" srcset=\"https:\/\/cfa.cabrio-freunde-augsburg.de\/wp-content\/uploads\/2014\/04\/D305899-1024x682.jpg 1024w, https:\/\/cfa.cabrio-freunde-augsburg.de\/wp-content\/uploads\/2014\/04\/D305899-300x200.jpg 300w, https:\/\/cfa.cabrio-freunde-augsburg.de\/wp-content\/uploads\/2014\/04\/D305899.jpg 1920w\" sizes=\"auto, (max-width: 640px) 100vw, 640px\" \/><\/a><\/p>\n<p>Da allgemein gilt, was nichts kostet taugt auch nichts erheben wir einen Jahresbeitrag von \u20ac 50,&#8211; pro Mitglied. Daf\u00fcr sind allerdings s\u00e4mtliche Aktivit\u00e4ten der Cabriofreunde Augsburg inklusive. Wen die Lust packt, auch ohne Cabrio an einem unserer Touren teilzunehmen ist gegen einen geringen Unkostenbeitrag zum Wohle unseres Clubs herzlich dazu eingeladen. Wer im Besitz eines Cabrios ist und auch gerne Zeit in netter Gesellschaft verbringen m\u00f6chte, kann auch gerne unserer Gemeinschaft beitreten. Wenn Du nicht im Besitz eines Cabrios bist und trotzdem gerne mitmachen m\u00f6chtest, so w\u00e4re dies auch kein Problem. Vielleicht packt Dich ja der Ehrgeiz und auch Du kannst bald ein Cabrio Dein Eigen nennen.<\/p>\n<p>Wie in unser Satzung festgeschrieben, haben wir es uns zum Ziel gesetzt, mindestens einmal im Jahr eine \u201egro\u00dfe\u201c Ausfahrt zu t\u00e4tigen, die von wechselnden Mitgliedern organisiert wird und nach deren pers\u00f6nlichem Geschmack gestaltet werden kann. Diese &#8222;gro\u00dfe Ausfahrt&#8220; ist in der Regel mehrt\u00e4gig und f\u00fchrt uns auch au\u00dferhalb den Augsburger Regionen.<\/p>\n<p>Daneben k\u00f6nnen aber auch jegliche gemeinsame Aktivit\u00e4ten wie ein Tagesausfl\u00fcge, Besichtigungen, Werksf\u00fchrungen oder auch die Ausf\u00fchrung gemeinsamer Hobbys, die das Clubleben interessant gestalten. Grunds\u00e4tzlich gilt, dass sich keiner gezwungen f\u00fchlen soll, daran teil nehmen zu m\u00fcssen sondern vielmehr daran teilnehmen zu k\u00f6nnen.<\/p>\n<p>Wir werden hoffentlich noch viele gemeinsame unterhaltsame Stunden verbringen. Die gro\u00dfe Jahrestour ist f\u00fcr die n\u00e4chsten Jahre bereits gesichert. Wir haben bereits viele Ideen gesammelt damit wir auch in den n\u00e4chsten Jahren noch viele kleine und gro\u00dfe Events erleben werden. Die Mitgliederzahl ist ebenso stetig am wachsen, so dass wir auch hier zuversichtlich nach vorne blicken k\u00f6nnen. Unsere Homepage wird hoffentlich auch viel Akzeptanz auch au\u00dferhalb unseres Clubs finden.<\/p>\n<p>Wer jetzt interessiert ist, den w\u00fcrden wir gerne in unserem Club begr\u00fc\u00dfen.<\/p>\n<p>Das Anmeldeformular kann man sich hier herunter laden:\u00a0<a href=\"http:\/\/cfa.cabrio-freunde-augsburg.de\/wp-content\/uploads\/2014\/04\/Antrag_auf_Mitgliedschaft.pdf\">Antrag_auf_Mitgliedschaft<\/a><\/p>\n<p>Einfach ausgef\u00fcllt an einer unserer Vorstandschaft per e-mail senden oder einfach mit jemand aus der Vorstandschaft Kontakt aufnehmen.<\/p>\n","protected":false},"excerpt":{"rendered":"<p>Wir sind ein bunt zusammen gew\u00fcrfelte Gruppe an netten Menschen, die es lieben gemeinsam die Gegend zu erkunden und dabei die Sonne geniessen, die direkt durch unsere ge\u00f6ffneten D\u00e4cher des Cabrios scheint. Die Ausfl\u00fcge und Aktivit\u00e4ten werden durch uns selbst &hellip; <a href=\"https:\/\/cfa.cabrio-freunde-augsburg.de\/?page_id=55\">Weiterlesen <span class=\"meta-nav\">&rarr;<\/span><\/a><\/p>\n","protected":false},"author":1,"featured_media":0,"parent":0,"menu_order":0,"comment_status":"closed","ping_status":"closed","template":"","meta":{"footnotes":""},"class_list":["post-55","page","type-page","status-publish","hentry"],"_links":{"self":[{"href":"https:\/\/cfa.cabrio-freunde-augsburg.de\/index.php?rest_route=\/wp\/v2\/pages\/55","targetHints":{"allow":["GET"]}}],"collection":[{"href":"https:\/\/cfa.cabrio-freunde-augsburg.de\/index.php?rest_route=\/wp\/v2\/pages"}],"about":[{"href":"https:\/\/cfa.cabrio-freunde-augsburg.de\/index.php?rest_route=\/wp\/v2\/types\/page"}],"author":[{"embeddable":true,"href":"https:\/\/cfa.cabrio-freunde-augsburg.de\/index.php?rest_route=\/wp\/v2\/users\/1"}],"replies":[{"embeddable":true,"href":"https:\/\/cfa.cabrio-freunde-augsburg.de\/index.php?rest_route=%2Fwp%2Fv2%2Fcomments&post=55"}],"version-history":[{"count":16,"href":"https:\/\/cfa.cabrio-freunde-augsburg.de\/index.php?rest_route=\/wp\/v2\/pages\/55\/revisions"}],"predecessor-version":[{"id":175,"href":"https:\/\/cfa.cabrio-freunde-augsburg.de\/index.php?rest_route=\/wp\/v2\/pages\/55\/revisions\/175"}],"wp:attachment":[{"href":"https:\/\/cfa.cabrio-freunde-augsburg.de\/index.php?rest_route=%2Fwp%2Fv2%2Fmedia&parent=55"}],"curies":[{"name":"wp","href":"https:\/\/api.w.org\/{rel}","templated":true}]}}