{"id":62,"date":"2014-04-27T12:21:18","date_gmt":"2014-04-27T12:21:18","guid":{"rendered":"http:\/\/cfa.cabrio-freunde-augsburg.de\/?page_id=62"},"modified":"2014-04-27T17:38:53","modified_gmt":"2014-04-27T17:38:53","slug":"aktivitaeten","status":"publish","type":"page","link":"https:\/\/cfa.cabrio-freunde-augsburg.de\/?page_id=62","title":{"rendered":"Aktivit\u00e4ten"},"content":{"rendered":"<p>Hier findet ihr eine Zusammenstellung unserer Aktivit\u00e4ten. Diese Seiten sind allgemein zug\u00e4nglich. F\u00fcr die registrierten Mitglieder stehen im Mitgliederbereich zus\u00e4tzliche Informationen zur Verf\u00fcgung.<\/p>\n<p><a href=\"http:\/\/cfa.cabrio-freunde-augsburg.de\/?page_id=78\" title=\"Aktivit\u00e4ten 2014 Allgemein\">Allgemeine Aktivit\u00e4ten 2014<\/a><\/p>\n","protected":false},"excerpt":{"rendered":"<p>Hier findet ihr eine Zusammenstellung unserer Aktivit\u00e4ten. Diese Seiten sind allgemein zug\u00e4nglich. F\u00fcr die registrierten Mitglieder stehen im Mitgliederbereich zus\u00e4tzliche Informationen zur Verf\u00fcgung. Allgemeine Aktivit\u00e4ten 2014<\/p>\n","protected":false},"author":1,"featured_media":0,"parent":0,"menu_order":0,"comment_status":"closed","ping_status":"closed","template":"","meta":{"footnotes":""},"class_list":["post-62","page","type-page","status-publish","hentry"],"_links":{"self":[{"href":"https:\/\/cfa.cabrio-freunde-augsburg.de\/index.php?rest_route=\/wp\/v2\/pages\/62","targetHints":{"allow":["GET"]}}],"collection":[{"href":"https:\/\/cfa.cabrio-freunde-augsburg.de\/index.php?rest_route=\/wp\/v2\/pages"}],"about":[{"href":"https:\/\/cfa.cabrio-freunde-augsburg.de\/index.php?rest_route=\/wp\/v2\/types\/page"}],"author":[{"embeddable":true,"href":"https:\/\/cfa.cabrio-freunde-augsburg.de\/index.php?rest_route=\/wp\/v2\/users\/1"}],"replies":[{"embeddable":true,"href":"https:\/\/cfa.cabrio-freunde-augsburg.de\/index.php?rest_route=%2Fwp%2Fv2%2Fcomments&post=62"}],"version-history":[{"count":5,"href":"https:\/\/cfa.cabrio-freunde-augsburg.de\/index.php?rest_route=\/wp\/v2\/pages\/62\/revisions"}],"predecessor-version":[{"id":110,"href":"https:\/\/cfa.cabrio-freunde-augsburg.de\/index.php?rest_route=\/wp\/v2\/pages\/62\/revisions\/110"}],"wp:attachment":[{"href":"https:\/\/cfa.cabrio-freunde-augsburg.de\/index.php?rest_route=%2Fwp%2Fv2%2Fmedia&parent=62"}],"curies":[{"name":"wp","href":"https:\/\/api.w.org\/{rel}","templated":true}]}}