{"id":695,"date":"2015-04-26T17:14:37","date_gmt":"2015-04-26T17:14:37","guid":{"rendered":"http:\/\/cfa.cabrio-freunde-augsburg.de\/?page_id=695"},"modified":"2015-07-28T18:22:02","modified_gmt":"2015-07-28T18:22:02","slug":"aktivitaeten-2015","status":"publish","type":"page","link":"https:\/\/cfa.cabrio-freunde-augsburg.de\/?page_id=695","title":{"rendered":"Aktivit\u00e4ten 2015 Allgemein"},"content":{"rendered":"<p>Aktivit\u00e4ten 2015 Allgemein<\/p>\n<p>Hier sind unsere Aktivit\u00e4ten f\u00fcr das Jahr 2015 zusammengestellt. Viel Spass beim Betrachten der Bilder. Wer gerne Fotos aus den Alben haben m\u00f6chte soll sich bitte bei Manfred melden, denn die Bilder gibt es auch in gro\u00dfer Aufl\u00f6sung und nicht nur die f\u00fcr die Homepage und das Internet reduzierte Qualit\u00e4t.<\/p>\n<p>Die unteren Links findet ihr \u00fcbrigens auch im Men\u00fc oben.<\/p>\n<p><a href=\"http:\/\/cfa.cabrio-freunde-augsburg.de\/?page_id=768\">Opening Tour 2015<\/a><\/p>\n<p><a href=\"http:\/\/cfa.cabrio-freunde-augsburg.de\/?page_id=825\">Tour Uschi und Klaus durch die schw\u00e4bische Alb<\/a><\/p>\n<p><a href=\"http:\/\/cfa.cabrio-freunde-augsburg.de\/?page_id=870\">Dolomitentour 2015<\/a><\/p>\n","protected":false},"excerpt":{"rendered":"<p>Aktivit\u00e4ten 2015 Allgemein Hier sind unsere Aktivit\u00e4ten f\u00fcr das Jahr 2015 zusammengestellt. Viel Spass beim Betrachten der Bilder. Wer gerne Fotos aus den Alben haben m\u00f6chte soll sich bitte bei Manfred melden, denn die Bilder gibt es auch in gro\u00dfer &hellip; <a href=\"https:\/\/cfa.cabrio-freunde-augsburg.de\/?page_id=695\">Weiterlesen <span class=\"meta-nav\">&rarr;<\/span><\/a><\/p>\n","protected":false},"author":1,"featured_media":0,"parent":0,"menu_order":0,"comment_status":"open","ping_status":"open","template":"","meta":{"footnotes":""},"class_list":["post-695","page","type-page","status-publish","hentry"],"_links":{"self":[{"href":"https:\/\/cfa.cabrio-freunde-augsburg.de\/index.php?rest_route=\/wp\/v2\/pages\/695","targetHints":{"allow":["GET"]}}],"collection":[{"href":"https:\/\/cfa.cabrio-freunde-augsburg.de\/index.php?rest_route=\/wp\/v2\/pages"}],"about":[{"href":"https:\/\/cfa.cabrio-freunde-augsburg.de\/index.php?rest_route=\/wp\/v2\/types\/page"}],"author":[{"embeddable":true,"href":"https:\/\/cfa.cabrio-freunde-augsburg.de\/index.php?rest_route=\/wp\/v2\/users\/1"}],"replies":[{"embeddable":true,"href":"https:\/\/cfa.cabrio-freunde-augsburg.de\/index.php?rest_route=%2Fwp%2Fv2%2Fcomments&post=695"}],"version-history":[{"count":8,"href":"https:\/\/cfa.cabrio-freunde-augsburg.de\/index.php?rest_route=\/wp\/v2\/pages\/695\/revisions"}],"predecessor-version":[{"id":875,"href":"https:\/\/cfa.cabrio-freunde-augsburg.de\/index.php?rest_route=\/wp\/v2\/pages\/695\/revisions\/875"}],"wp:attachment":[{"href":"https:\/\/cfa.cabrio-freunde-augsburg.de\/index.php?rest_route=%2Fwp%2Fv2%2Fmedia&parent=695"}],"curies":[{"name":"wp","href":"https:\/\/api.w.org\/{rel}","templated":true}]}}