{"id":768,"date":"2015-04-28T21:04:28","date_gmt":"2015-04-28T21:04:28","guid":{"rendered":"http:\/\/cfa.cabrio-freunde-augsburg.de\/?page_id=768"},"modified":"2015-04-28T21:04:28","modified_gmt":"2015-04-28T21:04:28","slug":"opening-tour-2015","status":"publish","type":"page","link":"https:\/\/cfa.cabrio-freunde-augsburg.de\/?page_id=768","title":{"rendered":"Opening Tour 2015"},"content":{"rendered":"<p>Hallo,<br \/>\nwir hoffen ihr seid alle wieder gut zuhause angekommen. Sybille und Manfred \u2013 vielen Dank. Es war eine abwechslungsreiche Bildungstour mit vielen Kurven und noch mehr Kalorien.<br \/>\nZum Fr\u00fchst\u00fcck schmiegten sich geschmeidige 200g Leberk\u00e4s, gepaart mit s\u00fc\u00dfem Senf und einer Seele um die H\u00fcften. Damit sich alles gleichm\u00e4\u00dfig verteilt, kurvten wir bergauf und bergab nach Schmidsfelden (Der Ort, der von der NSA nicht geortet werden kann \u2013 No connection my friends)<br \/>\nDie Damen genossen den neuen Freund von Hugo (Name habe ich mir als Milchtrinker nicht gemerkt) mit einem trendy Erdbeerchen und zwei mit gro\u00dfer Liebe gepfl\u00fcckten Blaubeeren. K\u00e4sekuchen &amp; Co unterst\u00fctzten den Leberk\u00e4s bei der Bildung von weiteren Polstertaschen. Bis dahin glaubten wir doch tats\u00e4chlich, wir seinen nun an der Kapazit\u00e4tsgrenze angekommen. Zun\u00e4chst erreichten das Schloss in Isny. Was erst als \u201co.k. schauen wir uns mal ein Schloss an\u201d eher mit wenig Emotionen begann, wurde jedoch spannend. Die Bilder von Friedrich Hechelmann konnten sogar mich als Kunstbanause beeindrucken. Das Ergebnis: Wir kaufen zwei B\u00fccher (Momo und Geister Ritter \u2013 gute ich gebe es zu: Susi hat etwas geschoben) mit den entsprechenden Illustrationen. Sogar ein Original Hechelmann ging \u00fcber den Ladentisch \u2013 munkelt man.<br \/>\nNun folgte nach kurvenreicher Strecke der Kalorien-Alptraum schlechthin:<br \/>\nBei Erika waren Schnitzel und K\u00e4sspatzen die Renner. Die Schnitzelportionen \u00fcppig. Die K\u00e4sspatzen unfassbar. Was dort in Salatsch\u00fcsseln serviert wurde, hatte keinen Platz mehr auf den H\u00fcften. Die Autositze mussten wohl ein paar Zentimeter nach hinten schoben werden\u2026<br \/>\nAlso: Kurven, Bildung und \u201cab Morgen gibts nix mehr zu Essen\u201d bildeten ein infernales Trio. Toll war\u2019s. Vielen Dank<\/p>\n<p>Susanne und Niels<\/p>\n<p>PS: Am 09.05. gibts dann wohl nur noch so erotische Dinge wir Karotten-Sticks, Fenchelscheibchen und Ingwerlutscher \u2013 total gesund und kaum Brennstoff.<\/p>\n<p>[nggallery id=7]<\/p>\n","protected":false},"excerpt":{"rendered":"<p>Hallo, wir hoffen ihr seid alle wieder gut zuhause angekommen. Sybille und Manfred \u2013 vielen Dank. Es war eine abwechslungsreiche Bildungstour mit vielen Kurven und noch mehr Kalorien. Zum Fr\u00fchst\u00fcck schmiegten sich geschmeidige 200g Leberk\u00e4s, gepaart mit s\u00fc\u00dfem Senf und &hellip; <a href=\"https:\/\/cfa.cabrio-freunde-augsburg.de\/?page_id=768\">Weiterlesen <span class=\"meta-nav\">&rarr;<\/span><\/a><\/p>\n","protected":false},"author":1,"featured_media":0,"parent":0,"menu_order":0,"comment_status":"open","ping_status":"open","template":"","meta":{"footnotes":""},"class_list":["post-768","page","type-page","status-publish","hentry"],"_links":{"self":[{"href":"https:\/\/cfa.cabrio-freunde-augsburg.de\/index.php?rest_route=\/wp\/v2\/pages\/768","targetHints":{"allow":["GET"]}}],"collection":[{"href":"https:\/\/cfa.cabrio-freunde-augsburg.de\/index.php?rest_route=\/wp\/v2\/pages"}],"about":[{"href":"https:\/\/cfa.cabrio-freunde-augsburg.de\/index.php?rest_route=\/wp\/v2\/types\/page"}],"author":[{"embeddable":true,"href":"https:\/\/cfa.cabrio-freunde-augsburg.de\/index.php?rest_route=\/wp\/v2\/users\/1"}],"replies":[{"embeddable":true,"href":"https:\/\/cfa.cabrio-freunde-augsburg.de\/index.php?rest_route=%2Fwp%2Fv2%2Fcomments&post=768"}],"version-history":[{"count":4,"href":"https:\/\/cfa.cabrio-freunde-augsburg.de\/index.php?rest_route=\/wp\/v2\/pages\/768\/revisions"}],"predecessor-version":[{"id":772,"href":"https:\/\/cfa.cabrio-freunde-augsburg.de\/index.php?rest_route=\/wp\/v2\/pages\/768\/revisions\/772"}],"wp:attachment":[{"href":"https:\/\/cfa.cabrio-freunde-augsburg.de\/index.php?rest_route=%2Fwp%2Fv2%2Fmedia&parent=768"}],"curies":[{"name":"wp","href":"https:\/\/api.w.org\/{rel}","templated":true}]}}