{"id":78,"date":"2014-04-27T12:34:55","date_gmt":"2014-04-27T12:34:55","guid":{"rendered":"http:\/\/cfa.cabrio-freunde-augsburg.de\/?page_id=78"},"modified":"2014-10-07T18:44:16","modified_gmt":"2014-10-07T18:44:16","slug":"78-2","status":"publish","type":"page","link":"https:\/\/cfa.cabrio-freunde-augsburg.de\/?page_id=78","title":{"rendered":"Aktivit\u00e4ten 2014 Allgemein"},"content":{"rendered":"<p>Aktivit\u00e4ten 2014 Allgemein<\/p>\n<p>Hier sind unsere Aktivit\u00e4ten f\u00fcr das Jahr 2014 zusammengestellt. Viel Spass beim Betrachten der Bilder. Wer gerne Fotos aus den Alben haben m\u00f6chte soll sich bitte bei Manfred melden, denn die Bilder gibt es auch in gro\u00dfer Aufl\u00f6sung und nicht nur die f\u00fcr die Homepage und das Internet reduzierte Qualit\u00e4t.<\/p>\n<p>Die unteren Links findet ihr \u00fcbrigens auch im Men\u00fc oben. <\/p>\n<p><a title=\"Open Air 2014\" href=\"http:\/\/cfa.cabrio-freunde-augsburg.de\/?page_id=83\">Open Air 2014<\/a><\/p>\n<p><a title=\"Er\u00f6ffnungstour 2014\" href=\"http:\/\/cfa.cabrio-freunde-augsburg.de\/?page_id=197\">Er\u00f6ffnungstour 2014<\/a><\/p>\n<p><a href=\"http:\/\/cfa.cabrio-freunde-augsburg.de\/?page_id=297\" title=\"Stammtisch \u2013 Picknick am Walchensee\">Stammtisch Walchensee<\/a><\/p>\n<p><a href=\"http:\/\/cfa.cabrio-freunde-augsburg.de\/?page_id=384\" title=\"Panoramastrassen \u00d6sterreich\">Panoramastrassen \u00d6sterreich<\/a><\/p>\n","protected":false},"excerpt":{"rendered":"<p>Aktivit\u00e4ten 2014 Allgemein Hier sind unsere Aktivit\u00e4ten f\u00fcr das Jahr 2014 zusammengestellt. Viel Spass beim Betrachten der Bilder. Wer gerne Fotos aus den Alben haben m\u00f6chte soll sich bitte bei Manfred melden, denn die Bilder gibt es auch in gro\u00dfer &hellip; <a href=\"https:\/\/cfa.cabrio-freunde-augsburg.de\/?page_id=78\">Weiterlesen <span class=\"meta-nav\">&rarr;<\/span><\/a><\/p>\n","protected":false},"author":1,"featured_media":0,"parent":0,"menu_order":0,"comment_status":"closed","ping_status":"closed","template":"","meta":{"footnotes":""},"class_list":["post-78","page","type-page","status-publish","hentry"],"_links":{"self":[{"href":"https:\/\/cfa.cabrio-freunde-augsburg.de\/index.php?rest_route=\/wp\/v2\/pages\/78","targetHints":{"allow":["GET"]}}],"collection":[{"href":"https:\/\/cfa.cabrio-freunde-augsburg.de\/index.php?rest_route=\/wp\/v2\/pages"}],"about":[{"href":"https:\/\/cfa.cabrio-freunde-augsburg.de\/index.php?rest_route=\/wp\/v2\/types\/page"}],"author":[{"embeddable":true,"href":"https:\/\/cfa.cabrio-freunde-augsburg.de\/index.php?rest_route=\/wp\/v2\/users\/1"}],"replies":[{"embeddable":true,"href":"https:\/\/cfa.cabrio-freunde-augsburg.de\/index.php?rest_route=%2Fwp%2Fv2%2Fcomments&post=78"}],"version-history":[{"count":11,"href":"https:\/\/cfa.cabrio-freunde-augsburg.de\/index.php?rest_route=\/wp\/v2\/pages\/78\/revisions"}],"predecessor-version":[{"id":519,"href":"https:\/\/cfa.cabrio-freunde-augsburg.de\/index.php?rest_route=\/wp\/v2\/pages\/78\/revisions\/519"}],"wp:attachment":[{"href":"https:\/\/cfa.cabrio-freunde-augsburg.de\/index.php?rest_route=%2Fwp%2Fv2%2Fmedia&parent=78"}],"curies":[{"name":"wp","href":"https:\/\/api.w.org\/{rel}","templated":true}]}}