{"id":825,"date":"2015-05-09T21:18:56","date_gmt":"2015-05-09T21:18:56","guid":{"rendered":"http:\/\/cfa.cabrio-freunde-augsburg.de\/?page_id=825"},"modified":"2015-05-09T21:18:56","modified_gmt":"2015-05-09T21:18:56","slug":"tour-uschi-und-klaus-durch-die-schwaebische-alb","status":"publish","type":"page","link":"https:\/\/cfa.cabrio-freunde-augsburg.de\/?page_id=825","title":{"rendered":"Tour Uschi und Klaus durch die Schw\u00e4bische Alb"},"content":{"rendered":"<p>Liebe Uschi, lieber Klaus,<\/p>\n<p>vielen Dank f\u00fcr die sch\u00f6ne Tour durch die Schw\u00e4bische Alb. Es hat viel Spass gemacht, es waren viele Kurven &#8211; mehr als gedacht &#8211; und ich muss mir noch einen sch\u00f6nen Bericht ausdenken, au\u00dfer einer unserer Ghostwriter ist schneller und besser.<\/p>\n<p>Danke noch mal<\/p>\n<p>Roland und die ganze Crew<\/p>\n<p>[nggallery id=8]<\/p>\n","protected":false},"excerpt":{"rendered":"<p>Liebe Uschi, lieber Klaus, vielen Dank f\u00fcr die sch\u00f6ne Tour durch die Schw\u00e4bische Alb. Es hat viel Spass gemacht, es waren viele Kurven &#8211; mehr als gedacht &#8211; und ich muss mir noch einen sch\u00f6nen Bericht ausdenken, au\u00dfer einer unserer &hellip; <a href=\"https:\/\/cfa.cabrio-freunde-augsburg.de\/?page_id=825\">Weiterlesen <span class=\"meta-nav\">&rarr;<\/span><\/a><\/p>\n","protected":false},"author":1,"featured_media":0,"parent":0,"menu_order":0,"comment_status":"open","ping_status":"open","template":"","meta":{"footnotes":""},"class_list":["post-825","page","type-page","status-publish","hentry"],"_links":{"self":[{"href":"https:\/\/cfa.cabrio-freunde-augsburg.de\/index.php?rest_route=\/wp\/v2\/pages\/825","targetHints":{"allow":["GET"]}}],"collection":[{"href":"https:\/\/cfa.cabrio-freunde-augsburg.de\/index.php?rest_route=\/wp\/v2\/pages"}],"about":[{"href":"https:\/\/cfa.cabrio-freunde-augsburg.de\/index.php?rest_route=\/wp\/v2\/types\/page"}],"author":[{"embeddable":true,"href":"https:\/\/cfa.cabrio-freunde-augsburg.de\/index.php?rest_route=\/wp\/v2\/users\/1"}],"replies":[{"embeddable":true,"href":"https:\/\/cfa.cabrio-freunde-augsburg.de\/index.php?rest_route=%2Fwp%2Fv2%2Fcomments&post=825"}],"version-history":[{"count":2,"href":"https:\/\/cfa.cabrio-freunde-augsburg.de\/index.php?rest_route=\/wp\/v2\/pages\/825\/revisions"}],"predecessor-version":[{"id":828,"href":"https:\/\/cfa.cabrio-freunde-augsburg.de\/index.php?rest_route=\/wp\/v2\/pages\/825\/revisions\/828"}],"wp:attachment":[{"href":"https:\/\/cfa.cabrio-freunde-augsburg.de\/index.php?rest_route=%2Fwp%2Fv2%2Fmedia&parent=825"}],"curies":[{"name":"wp","href":"https:\/\/api.w.org\/{rel}","templated":true}]}}