{"id":870,"date":"2015-07-28T18:18:49","date_gmt":"2015-07-28T18:18:49","guid":{"rendered":"http:\/\/cfa.cabrio-freunde-augsburg.de\/?page_id=870"},"modified":"2015-07-31T08:10:30","modified_gmt":"2015-07-31T08:10:30","slug":"dolomitentour-2015-wie-die-gerade-zur-kurve-wurde","status":"publish","type":"page","link":"https:\/\/cfa.cabrio-freunde-augsburg.de\/?page_id=870","title":{"rendered":"Dolomitentour 2015 &#8211; Wie die Gerade zur Kurve wurde"},"content":{"rendered":"<p>Wie schon der K\u00fcnstler Hundertwasser bemerkte ist die \u201egerade Linie ein Werkzeug des Teufels\u201c.<\/p>\n<p><a href=\"http:\/\/cfa.cabrio-freunde-augsburg.de\/wp-content\/uploads\/2015\/07\/DSC_4953.jpg\"><img loading=\"lazy\" decoding=\"async\" class=\" size-medium wp-image-854 alignleft\" src=\"http:\/\/cfa.cabrio-freunde-augsburg.de\/wp-content\/uploads\/2015\/07\/DSC_4953-300x200.jpg\" alt=\"DSC_4953\" width=\"300\" height=\"200\" srcset=\"https:\/\/cfa.cabrio-freunde-augsburg.de\/wp-content\/uploads\/2015\/07\/DSC_4953-300x200.jpg 300w, https:\/\/cfa.cabrio-freunde-augsburg.de\/wp-content\/uploads\/2015\/07\/DSC_4953.jpg 800w\" sizes=\"auto, (max-width: 300px) 100vw, 300px\" \/><\/a><\/p>\n<p>Dem sollten wir uns nat\u00fcrlich nicht hingeben und so hat uns Susanne und Niels in den Himmel gehoben und uns auf unz\u00e4hlige Kurven geschickt. Diesmal gab es die Schwielen an den H\u00e4nden vor lauter Drehen am Lenkrad.<\/p>\n<p>Am Freitag p\u00fcnktlich um 13:00 ging es los damit anschlie\u00dfend (wieder p\u00fcnktlich) Heike und Jochen in Landsberg die Gruppe vervollst\u00e4ndigen konnten. Da wir ohnehin mit R\u00fccksicht auf das berufst\u00e4tige Volk erst am Nachmittag starten konnten war der direkte Weg in die Dolomiten angesagt. Ein kleiner Umweg \u00fcber die linksseitige Brennerverbindung nach Matrei (sorry f\u00fcr diesen Vorschlag, ich konnte es wirklich nicht wissen) f\u00fchrte uns erst mal an ein \u201eDurchfahrt Verboten\u201c Schild wegen Strassenbauarbeiten. Also Kehrtwende auf den Hinterr\u00e4dern und wieder zur\u00fcck nach Innsbruck um den klassischen Weg \u00fcber die rechtsseitige \u201ealte\u201c Brenner-Strasse zu w\u00e4hlen.<\/p>\n<p><a href=\"http:\/\/cfa.cabrio-freunde-augsburg.de\/wp-content\/uploads\/2015\/07\/DSC_5068.jpg\"><img loading=\"lazy\" decoding=\"async\" class=\" size-medium wp-image-851 alignleft\" src=\"http:\/\/cfa.cabrio-freunde-augsburg.de\/wp-content\/uploads\/2015\/07\/DSC_5068-300x200.jpg\" alt=\"DSC_5068\" width=\"300\" height=\"200\" srcset=\"https:\/\/cfa.cabrio-freunde-augsburg.de\/wp-content\/uploads\/2015\/07\/DSC_5068-300x200.jpg 300w, https:\/\/cfa.cabrio-freunde-augsburg.de\/wp-content\/uploads\/2015\/07\/DSC_5068.jpg 800w\" sizes=\"auto, (max-width: 300px) 100vw, 300px\" \/><\/a>So kamen wir ein wenig sp\u00e4t in unserem Quartier in Wolkenstein an. Daf\u00fcr gab es auch gleich mal Abendessen bevor wir unsere Zimmer auslosen durften.<\/p>\n<p>Am Samstag war dann die gro\u00dfe Dolomitenrundfahrt angesagt. Sellajoch, Pordoijoch Passo Giau, Cortina d\u2019Ampezzo, Tre Croci mit Imbiss am See. Der R\u00fcckweg ging dann \u00fcber den Falzarego in Richtung Gr\u00f6dner Joch und wieder ins Hotel.<\/p>\n<p><a href=\"http:\/\/cfa.cabrio-freunde-augsburg.de\/wp-content\/uploads\/2015\/07\/DSC_5046.jpg\"><img loading=\"lazy\" decoding=\"async\" class=\" size-medium wp-image-850 alignleft\" src=\"http:\/\/cfa.cabrio-freunde-augsburg.de\/wp-content\/uploads\/2015\/07\/DSC_5046-300x200.jpg\" alt=\"DSC_5046\" width=\"300\" height=\"200\" srcset=\"https:\/\/cfa.cabrio-freunde-augsburg.de\/wp-content\/uploads\/2015\/07\/DSC_5046-300x200.jpg 300w, https:\/\/cfa.cabrio-freunde-augsburg.de\/wp-content\/uploads\/2015\/07\/DSC_5046.jpg 800w\" sizes=\"auto, (max-width: 300px) 100vw, 300px\" \/><\/a>Der Wetterbericht f\u00fcr das Wochenende war zwar ein wenig durchwachsen, aber was soll\u2019s, im Notfall kann man das Dach auch zumachen. So hatten wir dann am Samstag die Gelegenheit den eingerosteten Gest\u00e4ngen von den Cabriod\u00e4chern wieder ein wenig Leben einzuhauchen und auch das Notfallschlie\u00dfen in k\u00fcrzester Zeit zu \u00fcben. Alles in allem war es aber ein sehr sch\u00f6ner, warmer Tag und der Sonnenschein wurde nur von gelegentlichen kurzen Regenwolken unterbrochen.<\/p>\n<p>Beim Abendessen bot sich die Gelegenheit das Erlebte nochmals ausgiebig durch zu hecheln und mit einem Glas Wein, Bier, Veneziano zu begiessen.<\/p>\n<p>Am Sonntag ging es dann leider schon wieder nach Hause. Hans und Susi traten den direkten Heimweg an, da ihnen ja am Montag bereits ein \u201efreudiges\u201c Ereignis ins Haus stand. So waren wir noch 10. Diesmal war die Startzeit etwas fr\u00fcher angesetzt als an der Hinfahrt und so ging es wieder \u00fcber das Sellajoch, vorbei am Karer See nach Bozen. Fast in Bozen angekommen bemerkte Sybille \u201ekleine\u201c Verluste und so sind Manfred und Sybille noch mal ins Hotel zur\u00fcck gefahren um diese \u201eVerluste\u201c wieder zu kompensieren. Da waren&#8217;s dann nur noch 8. Immerhin konnten wir uns verabreden, dass sie am Quellenhof wieder zu uns sto\u00dfen w\u00fcrden.<\/p>\n<p><a href=\"http:\/\/cfa.cabrio-freunde-augsburg.de\/wp-content\/uploads\/2015\/07\/DSC_5083.jpg\"><img loading=\"lazy\" decoding=\"async\" class=\" size-medium wp-image-852 alignleft\" src=\"http:\/\/cfa.cabrio-freunde-augsburg.de\/wp-content\/uploads\/2015\/07\/DSC_5083-300x200.jpg\" alt=\"DSC_5083\" width=\"300\" height=\"200\" srcset=\"https:\/\/cfa.cabrio-freunde-augsburg.de\/wp-content\/uploads\/2015\/07\/DSC_5083-300x200.jpg 300w, https:\/\/cfa.cabrio-freunde-augsburg.de\/wp-content\/uploads\/2015\/07\/DSC_5083.jpg 800w\" sizes=\"auto, (max-width: 300px) 100vw, 300px\" \/><\/a>So ging es nun in stark dezimierter Gruppe \u00fcber den Mendelpass in Richtung Meran. \u201e Unsere Liebe Frau im Felde\u201c mit Schuhriemen sorgte nochmals f\u00fcr etwas Erheiterung. Apfelplantagen s\u00e4umten unseren Weg. In Meran zeigten wir dann nochmals Gr\u00f6\u00dfe, denn ein Cabrio Club kann auch mal zu Fu\u00df gehen. Die F\u00fc\u00dfe sind nicht nur f\u00fcr Gas, Kupplung und Bremse da, man kann damit auch bequem spazieren gehen. Daf\u00fcr wird man aber auch mit einem netten Restaurant belohnt um sich von der kolossalen Anstrengung zu erholen. Pebbles freute sich allerdings tierisch \u00fcber die kleine Abwechslung.<\/p>\n<p><a href=\"http:\/\/cfa.cabrio-freunde-augsburg.de\/wp-content\/uploads\/2015\/07\/DSC_5088.jpg\"><img loading=\"lazy\" decoding=\"async\" class=\" size-medium wp-image-853 alignleft\" src=\"http:\/\/cfa.cabrio-freunde-augsburg.de\/wp-content\/uploads\/2015\/07\/DSC_5088-200x300.jpg\" alt=\"DSC_5088\" width=\"200\" height=\"300\" srcset=\"https:\/\/cfa.cabrio-freunde-augsburg.de\/wp-content\/uploads\/2015\/07\/DSC_5088-200x300.jpg 200w, https:\/\/cfa.cabrio-freunde-augsburg.de\/wp-content\/uploads\/2015\/07\/DSC_5088.jpg 534w\" sizes=\"auto, (max-width: 200px) 100vw, 200px\" \/><\/a>Schlie\u00dflich ging es weiter ins Passaier Tal wo wir wieder auf Sybille und Manfred trafen. Dort ging es \u201epresto presto\u201c hinauf aufs Timmelsjoch. Auch unerschrockene AMG-Fahrer konnten unseren Auftrieb nicht bremsen, ebenso wenig die Autos mit den gelben Nummernschilder ohne jegliche Alpinerfahrung. \u00dcber das \u00d6tztal muss man nicht viele Worte verlieren, man muss halt einfach durch um wieder nach Imst zu gelangen. Dabei hatte Niels und Jochen einen stetes offenes Ohr im Verkehrsfunk auf das Verkehrschaos am Fernpass. So wurde die mehrheitliche Entscheidung getroffen \u00fcber das Hahntennjoch den Fernpass zu umfahren. Da es schon leicht in Richtung abendlicher Stunde ging merkte man, dass auch die Cabrios langsam Heimweh bekamen. Der R\u00fcckenwind tat sein \u00fcbriges, so dass wir das Hahntennjoch ziemlich schnell hinter uns lassen konnten.<\/p>\n<p><a href=\"http:\/\/cfa.cabrio-freunde-augsburg.de\/wp-content\/uploads\/2015\/07\/DSC_5099.jpg\"><img loading=\"lazy\" decoding=\"async\" class=\" size-medium wp-image-855 alignleft\" src=\"http:\/\/cfa.cabrio-freunde-augsburg.de\/wp-content\/uploads\/2015\/07\/DSC_5099-300x200.jpg\" alt=\"DSC_5099\" width=\"300\" height=\"200\" srcset=\"https:\/\/cfa.cabrio-freunde-augsburg.de\/wp-content\/uploads\/2015\/07\/DSC_5099-300x200.jpg 300w, https:\/\/cfa.cabrio-freunde-augsburg.de\/wp-content\/uploads\/2015\/07\/DSC_5099.jpg 800w\" sizes=\"auto, (max-width: 300px) 100vw, 300px\" \/><\/a>Bei Ulrike und Alexander hat sich sogar der Spyder selbst getuned und ein wenig f\u00fcr martialen Sound gesorgt. Ulrike vertrat ohnehin die Auffassung, dass mangelnde Leistung nur durch \u00fcberm\u00e4\u00dfigen Wahnsinn kompensiert werden kann. So hing sie stets wie angeklebt und unerschrocken, siamesischen Zwillingen gleich an Niels\u2019 Sto\u00dfstange. Alleinig am Timmelsjoch konnte zwischenzeitlich ein luxemburgischer Fahrzeugalpinist f\u00fcr geringe Zeit trennen, was eigentlich zusammen geh\u00f6rt.<\/p>\n<p>Ab Reutte begann sich dann die Gruppe langsam aber sicher aufzul\u00f6sen. F\u00fcr Heike und Jochen machte es wenig Sinn mit in Richtung Augsburg zu fahren. Ulrike und Alexander brauchten dann kurz hinter Schongau mal eine Pause f\u00fcr\u2019s Geh\u00f6r. Und so nutzten wir die Gelegenheit um uns bei Susanne und Niels f\u00fcr die tolle Tour zu bedanken und schlie\u00dflich die letzten Meter nach Hause individuell anzutreten.<\/p>\n<p>Ich m\u00f6chte mich hier nochmals (ich denke auch im Namen aller CFA\u2019ler) bei Susanne und Niels f\u00fcr diese tolle Wochenende bedanken.<\/p>\n<p>Viele Gr\u00fc\u00dfe<\/p>\n<p>Roland<\/p>\n<p>[nggallery id=9]<\/p>\n","protected":false},"excerpt":{"rendered":"<p>Wie schon der K\u00fcnstler Hundertwasser bemerkte ist die \u201egerade Linie ein Werkzeug des Teufels\u201c. Dem sollten wir uns nat\u00fcrlich nicht hingeben und so hat uns Susanne und Niels in den Himmel gehoben und uns auf unz\u00e4hlige Kurven geschickt. Diesmal gab &hellip; <a href=\"https:\/\/cfa.cabrio-freunde-augsburg.de\/?page_id=870\">Weiterlesen <span class=\"meta-nav\">&rarr;<\/span><\/a><\/p>\n","protected":false},"author":1,"featured_media":0,"parent":0,"menu_order":0,"comment_status":"open","ping_status":"open","template":"","meta":{"footnotes":""},"class_list":["post-870","page","type-page","status-publish","hentry"],"_links":{"self":[{"href":"https:\/\/cfa.cabrio-freunde-augsburg.de\/index.php?rest_route=\/wp\/v2\/pages\/870","targetHints":{"allow":["GET"]}}],"collection":[{"href":"https:\/\/cfa.cabrio-freunde-augsburg.de\/index.php?rest_route=\/wp\/v2\/pages"}],"about":[{"href":"https:\/\/cfa.cabrio-freunde-augsburg.de\/index.php?rest_route=\/wp\/v2\/types\/page"}],"author":[{"embeddable":true,"href":"https:\/\/cfa.cabrio-freunde-augsburg.de\/index.php?rest_route=\/wp\/v2\/users\/1"}],"replies":[{"embeddable":true,"href":"https:\/\/cfa.cabrio-freunde-augsburg.de\/index.php?rest_route=%2Fwp%2Fv2%2Fcomments&post=870"}],"version-history":[{"count":3,"href":"https:\/\/cfa.cabrio-freunde-augsburg.de\/index.php?rest_route=\/wp\/v2\/pages\/870\/revisions"}],"predecessor-version":[{"id":1003,"href":"https:\/\/cfa.cabrio-freunde-augsburg.de\/index.php?rest_route=\/wp\/v2\/pages\/870\/revisions\/1003"}],"wp:attachment":[{"href":"https:\/\/cfa.cabrio-freunde-augsburg.de\/index.php?rest_route=%2Fwp%2Fv2%2Fmedia&parent=870"}],"curies":[{"name":"wp","href":"https:\/\/api.w.org\/{rel}","templated":true}]}}